{"id":130,"date":"2023-07-17T13:08:33","date_gmt":"2023-07-17T13:08:33","guid":{"rendered":"https:\/\/boston-chemicals.com\/?page_id=130"},"modified":"2024-01-31T08:35:58","modified_gmt":"2024-01-31T08:35:58","slug":"endustriyel-bakim-urunleri","status":"publish","type":"page","link":"https:\/\/boston-chemicals.com\/en_us\/endustriyel-bakim-urunleri\/","title":{"rendered":"Industrial Care Products"},"content":{"rendered":"<div data-elementor-type=\"wp-page\" data-elementor-id=\"130\" class=\"elementor elementor-130\">\n\t\t\t\t\t\t\t\t\t<section data-particle_enable=\"false\" data-particle-mobile-disabled=\"false\" class=\"elementor-section elementor-top-section elementor-element elementor-element-a34a063 elementor-section-boxed elementor-section-height-default elementor-section-height-default\" data-id=\"a34a063\" data-element_type=\"section\" data-settings=\"{&quot;shape_divider_bottom&quot;:&quot;tilt&quot;}\">\n\t\t\t\t\t<div class=\"elementor-shape elementor-shape-bottom\" data-negative=\"false\">\n\t\t\t<svg xmlns=\"http:\/\/www.w3.org\/2000\/svg\" viewbox=\"0 0 1000 100\" preserveaspectratio=\"none\">\n\t<path class=\"elementor-shape-fill\" d=\"M0,6V0h1000v100L0,6z\"\/>\n<\/svg>\t\t<\/div>\n\t\t\t\t\t<div class=\"elementor-container elementor-column-gap-default\">\n\t\t\t\t\t<div class=\"elementor-column elementor-col-50 elementor-top-column elementor-element elementor-element-eb41d96 elementor-invisible\" data-id=\"eb41d96\" data-element_type=\"column\" data-settings=\"{&quot;animation&quot;:&quot;slideInLeft&quot;}\">\n\t\t\t<div class=\"elementor-widget-wrap elementor-element-populated\">\n\t\t\t\t\t\t\t\t<div class=\"elementor-element elementor-element-1f26685 elementor-widget elementor-widget-heading\" data-id=\"1f26685\" data-element_type=\"widget\" data-widget_type=\"heading.default\">\n\t\t\t\t<div class=\"elementor-widget-container\">\n\t\t\t<style>\/*! elementor - v3.9.1 - 14-12-2022 *\/\n.elementor-heading-title{padding:0;margin:0;line-height:1}.elementor-widget-heading .elementor-heading-title[class*=elementor-size-]>a{color:inherit;font-size:inherit;line-height:inherit}.elementor-widget-heading .elementor-heading-title.elementor-size-small{font-size:15px}.elementor-widget-heading .elementor-heading-title.elementor-size-medium{font-size:19px}.elementor-widget-heading .elementor-heading-title.elementor-size-large{font-size:29px}.elementor-widget-heading .elementor-heading-title.elementor-size-xl{font-size:39px}.elementor-widget-heading .elementor-heading-title.elementor-size-xxl{font-size:59px}<\/style><h2 class=\"elementor-heading-title elementor-size-default\">MAINTENANCE TIME<\/h2>\t\t<\/div>\n\t\t\t\t<\/div>\n\t\t\t\t<div class=\"elementor-element elementor-element-34be121 elementor-widget elementor-widget-text-editor\" data-id=\"34be121\" data-element_type=\"widget\" data-widget_type=\"text-editor.default\">\n\t\t\t\t<div class=\"elementor-widget-container\">\n\t\t\t<style>\/*! elementor - v3.9.1 - 14-12-2022 *\/\n.elementor-widget-text-editor.elementor-drop-cap-view-stacked .elementor-drop-cap{background-color:#818a91;color:#fff}.elementor-widget-text-editor.elementor-drop-cap-view-framed .elementor-drop-cap{color:#818a91;border:3px solid;background-color:transparent}.elementor-widget-text-editor:not(.elementor-drop-cap-view-default) .elementor-drop-cap{margin-top:8px}.elementor-widget-text-editor:not(.elementor-drop-cap-view-default) .elementor-drop-cap-letter{width:1em;height:1em}.elementor-widget-text-editor .elementor-drop-cap{float:left;text-align:center;line-height:1;font-size:50px}.elementor-widget-text-editor .elementor-drop-cap-letter{display:inline-block}<\/style>\t\t\t\t<p>Aerosol products for the maintenance, cleaning, repair and production of mechanical parts<\/p>\t\t\t\t\t\t<\/div>\n\t\t\t\t<\/div>\n\t\t\t\t\t<\/div>\n\t\t<\/div>\n\t\t\t\t<div class=\"elementor-column elementor-col-50 elementor-top-column elementor-element elementor-element-5811419 elementor-invisible\" data-id=\"5811419\" data-element_type=\"column\" data-settings=\"{&quot;animation&quot;:&quot;slideInRight&quot;}\">\n\t\t\t<div class=\"elementor-widget-wrap elementor-element-populated\">\n\t\t\t\t\t\t\t\t<div class=\"elementor-element elementor-element-cc76313 elementor-widget elementor-widget-image\" data-id=\"cc76313\" data-element_type=\"widget\" data-widget_type=\"image.default\">\n\t\t\t\t<div class=\"elementor-widget-container\">\n\t\t\t<style>\/*! elementor - v3.9.1 - 14-12-2022 *\/\n.elementor-widget-image{text-align:center}.elementor-widget-image a{display:inline-block}.elementor-widget-image a img[src$=\".svg\"]{width:48px}.elementor-widget-image img{vertical-align:middle;display:inline-block}<\/style>\t\t\t\t\t\t\t\t\t\t\t\t<img loading=\"lazy\" decoding=\"async\" width=\"750\" height=\"624\" src=\"https:\/\/boston-chemicals.com\/wp-content\/uploads\/2024\/01\/IMG-20240123-WA0007-1024x852.png\" class=\"attachment-large size-large wp-image-364\" alt=\"\" srcset=\"https:\/\/boston-chemicals.com\/wp-content\/uploads\/2024\/01\/IMG-20240123-WA0007-1024x852.png 1024w, https:\/\/boston-chemicals.com\/wp-content\/uploads\/2024\/01\/IMG-20240123-WA0007-300x250.png 300w, https:\/\/boston-chemicals.com\/wp-content\/uploads\/2024\/01\/IMG-20240123-WA0007-768x639.png 768w, https:\/\/boston-chemicals.com\/wp-content\/uploads\/2024\/01\/IMG-20240123-WA0007-1536x1278.png 1536w, https:\/\/boston-chemicals.com\/wp-content\/uploads\/2024\/01\/IMG-20240123-WA0007-14x12.png 14w, https:\/\/boston-chemicals.com\/wp-content\/uploads\/2024\/01\/IMG-20240123-WA0007-1568x1304.png 1568w, https:\/\/boston-chemicals.com\/wp-content\/uploads\/2024\/01\/IMG-20240123-WA0007.png 1600w\" sizes=\"auto, (max-width: 750px) 100vw, 750px\" style=\"width:100%;height:83.19%;max-width:1600px\" \/>\t\t\t\t\t\t\t\t\t\t\t\t\t\t\t<\/div>\n\t\t\t\t<\/div>\n\t\t\t\t\t<\/div>\n\t\t<\/div>\n\t\t\t\t\t\t\t<\/div>\n\t\t<\/section>\n\t\t\t\t<section data-particle_enable=\"false\" data-particle-mobile-disabled=\"false\" class=\"elementor-section elementor-top-section elementor-element elementor-element-64eea9e elementor-reverse-mobile elementor-section-boxed elementor-section-height-default elementor-section-height-default\" data-id=\"64eea9e\" data-element_type=\"section\" data-settings=\"{&quot;background_background&quot;:&quot;classic&quot;}\">\n\t\t\t\t\t\t<div class=\"elementor-container elementor-column-gap-default\">\n\t\t\t\t\t<div class=\"elementor-column elementor-col-50 elementor-top-column elementor-element elementor-element-83aa1a5 elementor-invisible\" data-id=\"83aa1a5\" data-element_type=\"column\" data-settings=\"{&quot;animation&quot;:&quot;slideInLeft&quot;}\">\n\t\t\t<div class=\"elementor-widget-wrap elementor-element-populated\">\n\t\t\t\t\t\t\t\t<div class=\"elementor-element elementor-element-c3fca88 elementor-widget elementor-widget-image\" data-id=\"c3fca88\" data-element_type=\"widget\" data-widget_type=\"image.default\">\n\t\t\t\t<div class=\"elementor-widget-container\">\n\t\t\t\t\t\t\t\t\t\t\t\t\t\t\t<img loading=\"lazy\" decoding=\"async\" width=\"680\" height=\"1024\" src=\"https:\/\/boston-chemicals.com\/wp-content\/uploads\/2024\/01\/IMG-20240123-WA0002-680x1024.png\" class=\"attachment-large size-large wp-image-361\" alt=\"\" srcset=\"https:\/\/boston-chemicals.com\/wp-content\/uploads\/2024\/01\/IMG-20240123-WA0002-680x1024.png 680w, https:\/\/boston-chemicals.com\/wp-content\/uploads\/2024\/01\/IMG-20240123-WA0002-199x300.png 199w, https:\/\/boston-chemicals.com\/wp-content\/uploads\/2024\/01\/IMG-20240123-WA0002-768x1156.png 768w, https:\/\/boston-chemicals.com\/wp-content\/uploads\/2024\/01\/IMG-20240123-WA0002-1020x1536.png 1020w, https:\/\/boston-chemicals.com\/wp-content\/uploads\/2024\/01\/IMG-20240123-WA0002-8x12.png 8w, https:\/\/boston-chemicals.com\/wp-content\/uploads\/2024\/01\/IMG-20240123-WA0002.png 1063w\" sizes=\"auto, (max-width: 680px) 100vw, 680px\" style=\"width:100%;height:150.52%;max-width:1063px\" \/>\t\t\t\t\t\t\t\t\t\t\t\t\t\t\t<\/div>\n\t\t\t\t<\/div>\n\t\t\t\t\t<\/div>\n\t\t<\/div>\n\t\t\t\t<div class=\"elementor-column elementor-col-50 elementor-top-column elementor-element elementor-element-2ecde82 elementor-invisible\" data-id=\"2ecde82\" data-element_type=\"column\" data-settings=\"{&quot;animation&quot;:&quot;slideInRight&quot;}\">\n\t\t\t<div class=\"elementor-widget-wrap elementor-element-populated\">\n\t\t\t\t\t\t\t\t<div class=\"elementor-element elementor-element-dff2c52 elementor-widget elementor-widget-heading\" data-id=\"dff2c52\" data-element_type=\"widget\" data-widget_type=\"heading.default\">\n\t\t\t\t<div class=\"elementor-widget-container\">\n\t\t\t<h2 class=\"elementor-heading-title elementor-size-default\">PROBLEM SOLVER<\/h2>\t\t<\/div>\n\t\t\t\t<\/div>\n\t\t\t\t<div class=\"elementor-element elementor-element-3d4f299 elementor-widget elementor-widget-text-editor\" data-id=\"3d4f299\" data-element_type=\"widget\" data-widget_type=\"text-editor.default\">\n\t\t\t\t<div class=\"elementor-widget-container\">\n\t\t\t\t\t\t\t<p>Removes rust and oxidation. It dissolves tar and label adhesive. Opens stuck parts. It silences the squeaks. Protects from water and moisture. It eases the movement of the parts.<\/p>\t\t\t\t\t\t<\/div>\n\t\t\t\t<\/div>\n\t\t\t\t\t<\/div>\n\t\t<\/div>\n\t\t\t\t\t\t\t<\/div>\n\t\t<\/section>\n\t\t\t\t<section data-particle_enable=\"false\" data-particle-mobile-disabled=\"false\" class=\"elementor-section elementor-top-section elementor-element elementor-element-7b5db02 elementor-section-boxed elementor-section-height-default elementor-section-height-default\" data-id=\"7b5db02\" data-element_type=\"section\" data-settings=\"{&quot;shape_divider_top&quot;:&quot;tilt&quot;}\">\n\t\t\t\t\t<div class=\"elementor-shape elementor-shape-top\" data-negative=\"false\">\n\t\t\t<svg xmlns=\"http:\/\/www.w3.org\/2000\/svg\" viewbox=\"0 0 1000 100\" preserveaspectratio=\"none\">\n\t<path class=\"elementor-shape-fill\" d=\"M0,6V0h1000v100L0,6z\"\/>\n<\/svg>\t\t<\/div>\n\t\t\t\t\t<div class=\"elementor-container elementor-column-gap-default\">\n\t\t\t\t\t<div class=\"elementor-column elementor-col-50 elementor-top-column elementor-element elementor-element-01093c1 elementor-invisible\" data-id=\"01093c1\" data-element_type=\"column\" data-settings=\"{&quot;animation&quot;:&quot;slideInLeft&quot;}\">\n\t\t\t<div class=\"elementor-widget-wrap elementor-element-populated\">\n\t\t\t\t\t\t\t\t<div class=\"elementor-element elementor-element-1371fae elementor-widget elementor-widget-heading\" data-id=\"1371fae\" data-element_type=\"widget\" data-widget_type=\"heading.default\">\n\t\t\t\t<div class=\"elementor-widget-container\">\n\t\t\t<h2 class=\"elementor-heading-title elementor-size-default\">LIQUID GREASE<\/h2>\t\t<\/div>\n\t\t\t\t<\/div>\n\t\t\t\t<div class=\"elementor-element elementor-element-26fcdbf elementor-widget elementor-widget-heading\" data-id=\"26fcdbf\" data-element_type=\"widget\" data-widget_type=\"heading.default\">\n\t\t\t\t<div class=\"elementor-widget-container\">\n\t\t\t<h2 class=\"elementor-heading-title elementor-size-default\">Perfect lubrication without collecting dust<\/h2>\t\t<\/div>\n\t\t\t\t<\/div>\n\t\t\t\t<div class=\"elementor-element elementor-element-9af8db1 elementor-widget elementor-widget-text-editor\" data-id=\"9af8db1\" data-element_type=\"widget\" data-widget_type=\"text-editor.default\">\n\t\t\t\t<div class=\"elementor-widget-container\">\n\t\t\t\t\t\t\tOil with low fluidity and high adhesion value. Provides long-term corrosion protection. It is water and heat resistant (up to 220 \u00b0C).\t\t\t\t\t\t<\/div>\n\t\t\t\t<\/div>\n\t\t\t\t\t<\/div>\n\t\t<\/div>\n\t\t\t\t<div class=\"elementor-column elementor-col-50 elementor-top-column elementor-element elementor-element-3cb4fed elementor-invisible\" data-id=\"3cb4fed\" data-element_type=\"column\" data-settings=\"{&quot;animation&quot;:&quot;slideInRight&quot;}\">\n\t\t\t<div class=\"elementor-widget-wrap elementor-element-populated\">\n\t\t\t\t\t\t\t\t<div class=\"elementor-element elementor-element-2a949e8 elementor-widget elementor-widget-image\" data-id=\"2a949e8\" data-element_type=\"widget\" data-widget_type=\"image.default\">\n\t\t\t\t<div class=\"elementor-widget-container\">\n\t\t\t\t\t\t\t\t\t\t\t\t\t\t\t<img loading=\"lazy\" decoding=\"async\" width=\"340\" height=\"1024\" src=\"https:\/\/boston-chemicals.com\/wp-content\/uploads\/2024\/01\/IMG-20240123-WA0003-340x1024.jpg\" class=\"attachment-large size-large wp-image-363\" alt=\"\" srcset=\"https:\/\/boston-chemicals.com\/wp-content\/uploads\/2024\/01\/IMG-20240123-WA0003-340x1024.jpg 340w, https:\/\/boston-chemicals.com\/wp-content\/uploads\/2024\/01\/IMG-20240123-WA0003-100x300.jpg 100w, https:\/\/boston-chemicals.com\/wp-content\/uploads\/2024\/01\/IMG-20240123-WA0003-510x1536.jpg 510w, https:\/\/boston-chemicals.com\/wp-content\/uploads\/2024\/01\/IMG-20240123-WA0003-4x12.jpg 4w, https:\/\/boston-chemicals.com\/wp-content\/uploads\/2024\/01\/IMG-20240123-WA0003.jpg 531w\" sizes=\"auto, (max-width: 340px) 100vw, 340px\" style=\"width:100%;height:301.32%;max-width:531px\" \/>\t\t\t\t\t\t\t\t\t\t\t\t\t\t\t<\/div>\n\t\t\t\t<\/div>\n\t\t\t\t\t<\/div>\n\t\t<\/div>\n\t\t\t\t\t\t\t<\/div>\n\t\t<\/section>\n\t\t\t\t<section data-particle_enable=\"false\" data-particle-mobile-disabled=\"false\" class=\"elementor-section elementor-top-section elementor-element elementor-element-3a5a16c elementor-reverse-mobile elementor-section-boxed elementor-section-height-default elementor-section-height-default\" data-id=\"3a5a16c\" data-element_type=\"section\" data-settings=\"{&quot;shape_divider_bottom&quot;:&quot;tilt&quot;}\">\n\t\t\t\t\t<div class=\"elementor-shape elementor-shape-bottom\" data-negative=\"false\">\n\t\t\t<svg xmlns=\"http:\/\/www.w3.org\/2000\/svg\" viewbox=\"0 0 1000 100\" preserveaspectratio=\"none\">\n\t<path class=\"elementor-shape-fill\" d=\"M0,6V0h1000v100L0,6z\"\/>\n<\/svg>\t\t<\/div>\n\t\t\t\t\t<div class=\"elementor-container elementor-column-gap-default\">\n\t\t\t\t\t<div class=\"elementor-column elementor-col-50 elementor-top-column elementor-element elementor-element-efb1675 elementor-invisible\" data-id=\"efb1675\" data-element_type=\"column\" data-settings=\"{&quot;animation&quot;:&quot;slideInLeft&quot;}\">\n\t\t\t<div class=\"elementor-widget-wrap elementor-element-populated\">\n\t\t\t\t\t\t\t\t<div class=\"elementor-element elementor-element-b57ff13 elementor-widget elementor-widget-image\" data-id=\"b57ff13\" data-element_type=\"widget\" data-widget_type=\"image.default\">\n\t\t\t\t<div class=\"elementor-widget-container\">\n\t\t\t\t\t\t\t\t\t\t\t\t\t\t\t<img loading=\"lazy\" decoding=\"async\" width=\"297\" height=\"1024\" src=\"https:\/\/boston-chemicals.com\/wp-content\/uploads\/2024\/01\/IMG-20240123-WA0004-297x1024.png\" class=\"attachment-large size-large wp-image-362\" alt=\"\" srcset=\"https:\/\/boston-chemicals.com\/wp-content\/uploads\/2024\/01\/IMG-20240123-WA0004-297x1024.png 297w, https:\/\/boston-chemicals.com\/wp-content\/uploads\/2024\/01\/IMG-20240123-WA0004-87x300.png 87w, https:\/\/boston-chemicals.com\/wp-content\/uploads\/2024\/01\/IMG-20240123-WA0004-445x1536.png 445w, https:\/\/boston-chemicals.com\/wp-content\/uploads\/2024\/01\/IMG-20240123-WA0004.png 464w\" sizes=\"auto, (max-width: 297px) 100vw, 297px\" style=\"width:100%;height:344.83%;max-width:464px\" \/>\t\t\t\t\t\t\t\t\t\t\t\t\t\t\t<\/div>\n\t\t\t\t<\/div>\n\t\t\t\t\t<\/div>\n\t\t<\/div>\n\t\t\t\t<div class=\"elementor-column elementor-col-50 elementor-top-column elementor-element elementor-element-7a047ed elementor-invisible\" data-id=\"7a047ed\" data-element_type=\"column\" data-settings=\"{&quot;animation&quot;:&quot;slideInRight&quot;}\">\n\t\t\t<div class=\"elementor-widget-wrap elementor-element-populated\">\n\t\t\t\t\t\t\t\t<div class=\"elementor-element elementor-element-3cf2d6f elementor-widget elementor-widget-heading\" data-id=\"3cf2d6f\" data-element_type=\"widget\" data-widget_type=\"heading.default\">\n\t\t\t\t<div class=\"elementor-widget-container\">\n\t\t\t<h2 class=\"elementor-heading-title elementor-size-default\">PAD CLEANER<\/h2>\t\t<\/div>\n\t\t\t\t<\/div>\n\t\t\t\t<div class=\"elementor-element elementor-element-415c080 elementor-widget elementor-widget-heading\" data-id=\"415c080\" data-element_type=\"widget\" data-widget_type=\"heading.default\">\n\t\t\t\t<div class=\"elementor-widget-container\">\n\t\t\t<h2 class=\"elementor-heading-title elementor-size-default\">Superior cleaning power with quality formula<\/h2>\t\t<\/div>\n\t\t\t\t<\/div>\n\t\t\t\t<div class=\"elementor-element elementor-element-0160b0f elementor-widget elementor-widget-text-editor\" data-id=\"0160b0f\" data-element_type=\"widget\" data-widget_type=\"text-editor.default\">\n\t\t\t\t<div class=\"elementor-widget-container\">\n\t\t\t\t\t\t\t<p>Cleans brakes and pads. It cleans from grease and oil. It cleans the molded dirt on the parts. It leaves no residue after evaporation.<\/p>\t\t\t\t\t\t<\/div>\n\t\t\t\t<\/div>\n\t\t\t\t\t<\/div>\n\t\t<\/div>\n\t\t\t\t\t\t\t<\/div>\n\t\t<\/section>\n\t\t\t\t\t\t\t<\/div>","protected":false},"excerpt":{"rendered":"<p>BAKIM ZAMANI Mekanik aksamlar\u0131n bak\u0131m\u0131, temizli\u011fi, onar\u0131m\u0131 ve \u00fcretimi i\u00e7in aerosol \u00fcr\u00fcnler PROBLEM \u00c7\u00d6Z\u00dcC\u00dc Pas\u0131 ve oksitlenmeyi giderir. Zift ve etiket yap\u0131\u015fkan\u0131n\u0131 \u00e7\u00f6zer. S\u0131k\u0131\u015fm\u0131\u015f aksamlar\u0131 a\u00e7ar. G\u0131c\u0131rt\u0131lar\u0131 susturur. Su ve nemden korur. Par\u00e7alar\u0131n hareketini rahatlat\u0131r. SIVI GRES YA\u011eI Toz toplamayan m\u00fckemmel ya\u011flama Ak\u0131\u015fkanl\u0131\u011f\u0131 az, tutunma de\u011feri y\u00fcksek ya\u011f. Uzun s\u00fcreli korozyon korumas\u0131 sa\u011flar. Suya ve&hellip; <a class=\"more-link\" href=\"https:\/\/boston-chemicals.com\/en_us\/endustriyel-bakim-urunleri\/\">Continue reading <span class=\"screen-reader-text\">Industrial Care Products<\/span><\/a><\/p>","protected":false},"author":1,"featured_media":0,"parent":0,"menu_order":0,"comment_status":"closed","ping_status":"closed","template":"","meta":{"footnotes":""},"class_list":["post-130","page","type-page","status-publish","hentry","entry"],"_links":{"self":[{"href":"https:\/\/boston-chemicals.com\/en_us\/wp-json\/wp\/v2\/pages\/130","targetHints":{"allow":["GET"]}}],"collection":[{"href":"https:\/\/boston-chemicals.com\/en_us\/wp-json\/wp\/v2\/pages"}],"about":[{"href":"https:\/\/boston-chemicals.com\/en_us\/wp-json\/wp\/v2\/types\/page"}],"author":[{"embeddable":true,"href":"https:\/\/boston-chemicals.com\/en_us\/wp-json\/wp\/v2\/users\/1"}],"replies":[{"embeddable":true,"href":"https:\/\/boston-chemicals.com\/en_us\/wp-json\/wp\/v2\/comments?post=130"}],"version-history":[{"count":16,"href":"https:\/\/boston-chemicals.com\/en_us\/wp-json\/wp\/v2\/pages\/130\/revisions"}],"predecessor-version":[{"id":367,"href":"https:\/\/boston-chemicals.com\/en_us\/wp-json\/wp\/v2\/pages\/130\/revisions\/367"}],"wp:attachment":[{"href":"https:\/\/boston-chemicals.com\/en_us\/wp-json\/wp\/v2\/media?parent=130"}],"curies":[{"name":"wp","href":"https:\/\/api.w.org\/{rel}","templated":true}]}}