{"id":325,"date":"2023-07-21T06:31:46","date_gmt":"2023-07-21T06:31:46","guid":{"rendered":"https:\/\/boston-chemicals.com\/?page_id=325"},"modified":"2023-07-21T06:46:17","modified_gmt":"2023-07-21T06:46:17","slug":"yangin-bantlari","status":"publish","type":"page","link":"https:\/\/boston-chemicals.com\/en_us\/yangin-bantlari\/","title":{"rendered":"Fire Tapes"},"content":{"rendered":"<div data-elementor-type=\"wp-page\" data-elementor-id=\"325\" class=\"elementor elementor-325\">\n\t\t\t\t\t\t\t\t\t<section data-particle_enable=\"false\" data-particle-mobile-disabled=\"false\" class=\"elementor-section elementor-top-section elementor-element elementor-element-c8154e8 elementor-section-boxed elementor-section-height-default elementor-section-height-default\" data-id=\"c8154e8\" data-element_type=\"section\">\n\t\t\t\t\t\t\t<div class=\"elementor-background-overlay\"><\/div>\n\t\t\t\t\t\t\t<div class=\"elementor-container elementor-column-gap-default\">\n\t\t\t\t\t<div class=\"elementor-column elementor-col-100 elementor-top-column elementor-element elementor-element-43fb698\" data-id=\"43fb698\" data-element_type=\"column\">\n\t\t\t<div class=\"elementor-widget-wrap elementor-element-populated\">\n\t\t\t\t\t\t\t\t<section data-particle_enable=\"false\" data-particle-mobile-disabled=\"false\" class=\"elementor-section elementor-inner-section elementor-element elementor-element-f8bb8ce elementor-section-boxed elementor-section-height-default elementor-section-height-default\" data-id=\"f8bb8ce\" data-element_type=\"section\">\n\t\t\t\t\t\t<div class=\"elementor-container elementor-column-gap-default\">\n\t\t\t\t\t<div class=\"elementor-column elementor-col-25 elementor-inner-column elementor-element elementor-element-a479283\" data-id=\"a479283\" data-element_type=\"column\">\n\t\t\t<div class=\"elementor-widget-wrap elementor-element-populated\">\n\t\t\t\t\t\t\t\t<div class=\"elementor-element elementor-element-e422757 elementor-align-justify elementor-widget elementor-widget-button\" data-id=\"e422757\" data-element_type=\"widget\" data-widget_type=\"button.default\">\n\t\t\t\t<div class=\"elementor-widget-container\">\n\t\t\t\t\t<div class=\"elementor-button-wrapper\">\n\t\t\t<a href=\"https:\/\/boston-chemicals.com\/data\/Technik+yangin-bandi-en.pdf\" class=\"elementor-button-link elementor-button elementor-size-sm\" role=\"button\">\n\t\t\t\t\t\t<span class=\"elementor-button-content-wrapper\">\n\t\t\t\t\t\t\t<span class=\"elementor-button-icon elementor-align-icon-left\">\n\t\t\t\t<svg aria-hidden=\"true\" class=\"e-font-icon-svg e-fab-readme\" viewbox=\"0 0 576 512\" xmlns=\"http:\/\/www.w3.org\/2000\/svg\"><path d=\"M528.3 46.5H388.5c-48.1 0-89.9 33.3-100.4 80.3-10.6-47-52.3-80.3-100.4-80.3H48c-26.5 0-48 21.5-48 48v245.8c0 26.5 21.5 48 48 48h89.7c102.2 0 132.7 24.4 147.3 75 .7 2.8 5.2 2.8 6 0 14.7-50.6 45.2-75 147.3-75H528c26.5 0 48-21.5 48-48V94.6c0-26.4-21.3-47.9-47.7-48.1zM242 311.9c0 1.9-1.5 3.5-3.5 3.5H78.2c-1.9 0-3.5-1.5-3.5-3.5V289c0-1.9 1.5-3.5 3.5-3.5h160.4c1.9 0 3.5 1.5 3.5 3.5v22.9zm0-60.9c0 1.9-1.5 3.5-3.5 3.5H78.2c-1.9 0-3.5-1.5-3.5-3.5v-22.9c0-1.9 1.5-3.5 3.5-3.5h160.4c1.9 0 3.5 1.5 3.5 3.5V251zm0-60.9c0 1.9-1.5 3.5-3.5 3.5H78.2c-1.9 0-3.5-1.5-3.5-3.5v-22.9c0-1.9 1.5-3.5 3.5-3.5h160.4c1.9 0 3.5 1.5 3.5 3.5v22.9zm259.3 121.7c0 1.9-1.5 3.5-3.5 3.5H337.5c-1.9 0-3.5-1.5-3.5-3.5v-22.9c0-1.9 1.5-3.5 3.5-3.5h160.4c1.9 0 3.5 1.5 3.5 3.5v22.9zm0-60.9c0 1.9-1.5 3.5-3.5 3.5H337.5c-1.9 0-3.5-1.5-3.5-3.5V228c0-1.9 1.5-3.5 3.5-3.5h160.4c1.9 0 3.5 1.5 3.5 3.5v22.9zm0-60.9c0 1.9-1.5 3.5-3.5 3.5H337.5c-1.9 0-3.5-1.5-3.5-3.5v-22.8c0-1.9 1.5-3.5 3.5-3.5h160.4c1.9 0 3.5 1.5 3.5 3.5V190z\"><\/path><\/svg>\t\t\t<\/span>\n\t\t\t\t\t\t<span class=\"elementor-button-text\">TDS<\/span>\n\t\t<\/span>\n\t\t\t\t\t<\/a>\n\t\t<\/div>\n\t\t\t\t<\/div>\n\t\t\t\t<\/div>\n\t\t\t\t\t<\/div>\n\t\t<\/div>\n\t\t\t\t<div class=\"elementor-column elementor-col-25 elementor-inner-column elementor-element elementor-element-487a4a1\" data-id=\"487a4a1\" data-element_type=\"column\">\n\t\t\t<div class=\"elementor-widget-wrap elementor-element-populated\">\n\t\t\t\t\t\t\t\t<div class=\"elementor-element elementor-element-02bf7f5 elementor-widget elementor-widget-heading\" data-id=\"02bf7f5\" data-element_type=\"widget\" data-widget_type=\"heading.default\">\n\t\t\t\t<div class=\"elementor-widget-container\">\n\t\t\t<style>\/*! elementor - v3.9.1 - 14-12-2022 *\/\n.elementor-heading-title{padding:0;margin:0;line-height:1}.elementor-widget-heading .elementor-heading-title[class*=elementor-size-]>a{color:inherit;font-size:inherit;line-height:inherit}.elementor-widget-heading .elementor-heading-title.elementor-size-small{font-size:15px}.elementor-widget-heading .elementor-heading-title.elementor-size-medium{font-size:19px}.elementor-widget-heading .elementor-heading-title.elementor-size-large{font-size:29px}.elementor-widget-heading .elementor-heading-title.elementor-size-xl{font-size:39px}.elementor-widget-heading .elementor-heading-title.elementor-size-xxl{font-size:59px}<\/style><h2 class=\"elementor-heading-title elementor-size-default\">TECHNIK+ FIRE TAPE<\/h2>\t\t<\/div>\n\t\t\t\t<\/div>\n\t\t\t\t\t<\/div>\n\t\t<\/div>\n\t\t\t\t<div class=\"elementor-column elementor-col-25 elementor-inner-column elementor-element elementor-element-97afb71\" data-id=\"97afb71\" data-element_type=\"column\">\n\t\t\t<div class=\"elementor-widget-wrap elementor-element-populated\">\n\t\t\t\t\t\t\t\t<div class=\"elementor-element elementor-element-51e70c7 elementor-widget elementor-widget-image\" data-id=\"51e70c7\" data-element_type=\"widget\" data-widget_type=\"image.default\">\n\t\t\t\t<div class=\"elementor-widget-container\">\n\t\t\t<style>\/*! elementor - v3.9.1 - 14-12-2022 *\/\n.elementor-widget-image{text-align:center}.elementor-widget-image a{display:inline-block}.elementor-widget-image a img[src$=\".svg\"]{width:48px}.elementor-widget-image img{vertical-align:middle;display:inline-block}<\/style>\t\t\t\t\t\t\t\t\t\t\t\t<img loading=\"lazy\" decoding=\"async\" width=\"750\" height=\"181\" src=\"https:\/\/boston-chemicals.com\/wp-content\/uploads\/2023\/07\/EFECTIS-ERA.png\" class=\"attachment-large size-large wp-image-328\" alt=\"\" srcset=\"https:\/\/boston-chemicals.com\/wp-content\/uploads\/2023\/07\/EFECTIS-ERA.png 900w, https:\/\/boston-chemicals.com\/wp-content\/uploads\/2023\/07\/EFECTIS-ERA-300x72.png 300w, https:\/\/boston-chemicals.com\/wp-content\/uploads\/2023\/07\/EFECTIS-ERA-768x185.png 768w\" sizes=\"auto, (max-width: 750px) 100vw, 750px\" style=\"width:100%;height:24.11%;max-width:900px\" \/>\t\t\t\t\t\t\t\t\t\t\t\t\t\t\t<\/div>\n\t\t\t\t<\/div>\n\t\t\t\t\t<\/div>\n\t\t<\/div>\n\t\t\t\t<div class=\"elementor-column elementor-col-25 elementor-inner-column elementor-element elementor-element-85a30fe\" data-id=\"85a30fe\" data-element_type=\"column\" data-settings=\"{&quot;background_background&quot;:&quot;classic&quot;}\">\n\t\t\t<div class=\"elementor-widget-wrap elementor-element-populated\">\n\t\t\t\t\t\t\t\t<div class=\"elementor-element elementor-element-e68779b elementor-widget elementor-widget-image\" data-id=\"e68779b\" data-element_type=\"widget\" data-widget_type=\"image.default\">\n\t\t\t\t<div class=\"elementor-widget-container\">\n\t\t\t\t\t\t\t\t\t\t\t\t\t\t\t<img loading=\"lazy\" decoding=\"async\" width=\"750\" height=\"112\" src=\"https:\/\/boston-chemicals.com\/wp-content\/uploads\/2023\/07\/technik.png\" class=\"attachment-large size-large wp-image-107\" alt=\"\" srcset=\"https:\/\/boston-chemicals.com\/wp-content\/uploads\/2023\/07\/technik.png 1000w, https:\/\/boston-chemicals.com\/wp-content\/uploads\/2023\/07\/technik-300x45.png 300w, https:\/\/boston-chemicals.com\/wp-content\/uploads\/2023\/07\/technik-768x114.png 768w\" sizes=\"auto, (max-width: 750px) 100vw, 750px\" style=\"width:100%;height:14.9%;max-width:1000px\" \/>\t\t\t\t\t\t\t\t\t\t\t\t\t\t\t<\/div>\n\t\t\t\t<\/div>\n\t\t\t\t\t<\/div>\n\t\t<\/div>\n\t\t\t\t\t\t\t<\/div>\n\t\t<\/section>\n\t\t\t\t<div class=\"elementor-element elementor-element-ff85b11 elementor-widget-divider--view-line elementor-widget elementor-widget-divider\" data-id=\"ff85b11\" data-element_type=\"widget\" data-widget_type=\"divider.default\">\n\t\t\t\t<div class=\"elementor-widget-container\">\n\t\t\t<style>\/*! elementor - v3.9.1 - 14-12-2022 *\/\n.elementor-widget-divider{--divider-border-style:none;--divider-border-width:1px;--divider-color:#2c2c2c;--divider-icon-size:20px;--divider-element-spacing:10px;--divider-pattern-height:24px;--divider-pattern-size:20px;--divider-pattern-url:none;--divider-pattern-repeat:repeat-x}.elementor-widget-divider .elementor-divider{display:flex}.elementor-widget-divider .elementor-divider__text{font-size:15px;line-height:1;max-width:95%}.elementor-widget-divider .elementor-divider__element{margin:0 var(--divider-element-spacing);flex-shrink:0}.elementor-widget-divider .elementor-icon{font-size:var(--divider-icon-size)}.elementor-widget-divider .elementor-divider-separator{display:flex;margin:0;direction:ltr}.elementor-widget-divider--view-line_icon .elementor-divider-separator,.elementor-widget-divider--view-line_text .elementor-divider-separator{align-items:center}.elementor-widget-divider--view-line_icon .elementor-divider-separator:after,.elementor-widget-divider--view-line_icon .elementor-divider-separator:before,.elementor-widget-divider--view-line_text .elementor-divider-separator:after,.elementor-widget-divider--view-line_text .elementor-divider-separator:before{display:block;content:\"\";border-bottom:0;flex-grow:1;border-top:var(--divider-border-width) var(--divider-border-style) var(--divider-color)}.elementor-widget-divider--element-align-left .elementor-divider .elementor-divider-separator>.elementor-divider__svg:first-of-type{flex-grow:0;flex-shrink:100}.elementor-widget-divider--element-align-left .elementor-divider-separator:before{content:none}.elementor-widget-divider--element-align-left .elementor-divider__element{margin-left:0}.elementor-widget-divider--element-align-right .elementor-divider .elementor-divider-separator>.elementor-divider__svg:last-of-type{flex-grow:0;flex-shrink:100}.elementor-widget-divider--element-align-right .elementor-divider-separator:after{content:none}.elementor-widget-divider--element-align-right .elementor-divider__element{margin-right:0}.elementor-widget-divider:not(.elementor-widget-divider--view-line_text):not(.elementor-widget-divider--view-line_icon) .elementor-divider-separator{border-top:var(--divider-border-width) var(--divider-border-style) var(--divider-color)}.elementor-widget-divider--separator-type-pattern{--divider-border-style:none}.elementor-widget-divider--separator-type-pattern.elementor-widget-divider--view-line .elementor-divider-separator,.elementor-widget-divider--separator-type-pattern:not(.elementor-widget-divider--view-line) .elementor-divider-separator:after,.elementor-widget-divider--separator-type-pattern:not(.elementor-widget-divider--view-line) .elementor-divider-separator:before,.elementor-widget-divider--separator-type-pattern:not([class*=elementor-widget-divider--view]) .elementor-divider-separator{width:100%;min-height:var(--divider-pattern-height);-webkit-mask-size:var(--divider-pattern-size) 100%;mask-size:var(--divider-pattern-size) 100%;-webkit-mask-repeat:var(--divider-pattern-repeat);mask-repeat:var(--divider-pattern-repeat);background-color:var(--divider-color);-webkit-mask-image:var(--divider-pattern-url);mask-image:var(--divider-pattern-url)}.elementor-widget-divider--no-spacing{--divider-pattern-size:auto}.elementor-widget-divider--bg-round{--divider-pattern-repeat:round}.rtl .elementor-widget-divider .elementor-divider__text{direction:rtl}.e-con-inner>.elementor-widget-divider,.e-con>.elementor-widget-divider{width:var(--container-widget-width);--flex-grow:var(--container-widget-flex-grow)}<\/style>\t\t<div class=\"elementor-divider\">\n\t\t\t<span class=\"elementor-divider-separator\">\n\t\t\t\t\t\t<\/span>\n\t\t<\/div>\n\t\t\t\t<\/div>\n\t\t\t\t<\/div>\n\t\t\t\t<section data-particle_enable=\"false\" data-particle-mobile-disabled=\"false\" class=\"elementor-section elementor-inner-section elementor-element elementor-element-f92dd56 elementor-section-boxed elementor-section-height-default elementor-section-height-default\" data-id=\"f92dd56\" data-element_type=\"section\">\n\t\t\t\t\t\t<div class=\"elementor-container elementor-column-gap-default\">\n\t\t\t\t\t<div class=\"elementor-column elementor-col-50 elementor-inner-column elementor-element elementor-element-49980d6\" data-id=\"49980d6\" data-element_type=\"column\">\n\t\t\t<div class=\"elementor-widget-wrap elementor-element-populated\">\n\t\t\t\t\t\t\t\t<div class=\"elementor-element elementor-element-dfae8cd elementor-widget elementor-widget-text-editor\" data-id=\"dfae8cd\" data-element_type=\"widget\" data-widget_type=\"text-editor.default\">\n\t\t\t\t<div class=\"elementor-widget-container\">\n\t\t\t<style>\/*! elementor - v3.9.1 - 14-12-2022 *\/\n.elementor-widget-text-editor.elementor-drop-cap-view-stacked .elementor-drop-cap{background-color:#818a91;color:#fff}.elementor-widget-text-editor.elementor-drop-cap-view-framed .elementor-drop-cap{color:#818a91;border:3px solid;background-color:transparent}.elementor-widget-text-editor:not(.elementor-drop-cap-view-default) .elementor-drop-cap{margin-top:8px}.elementor-widget-text-editor:not(.elementor-drop-cap-view-default) .elementor-drop-cap-letter{width:1em;height:1em}.elementor-widget-text-editor .elementor-drop-cap{float:left;text-align:center;line-height:1;font-size:50px}.elementor-widget-text-editor .elementor-drop-cap-letter{display:inline-block}<\/style>\t\t\t\t<p><strong>PRODUCT DESCRIPTION<\/strong><br \/>High quality, certified Technik Fire Tape prevents air circulation, smoke and hot gas from escaping from the joint, door, frame and structure where it is applied during a fire.<\/p><p>\u00a0<\/p><p>\u00a0<\/p><p><strong>EXPLANATION<\/strong><br \/>\u00dcr\u00fcn\u00fcm\u00fcz geni\u015fleyebilen Grafit kimyas\u0131na dayanmaktad\u0131r. Montaj\u0131n kolay yap\u0131lmas\u0131 i\u00e7in esnek ve kendinden yap\u0131\u015fkanl\u0131d\u0131r. Yang\u0131n esnas\u0131nda \u015fi\u015fen \u00fcr\u00fcn, hava sirk\u00fclasyonunu, kap\u0131larda, \u00e7er\u00e7eve kenarlar\u0131nda ve yang\u0131na dayan\u0131m\u0131n gerekli oldu\u011fu di\u011fer bo\u015fluklar aras\u0131nda s\u0131cak gaz ve duman ka\u00e7\u0131\u015f\u0131n\u0131 \u00f6nlemek i\u00e7in tasarlanm\u0131\u015ft\u0131r. Ayr\u0131ca, duman ve toksin gaz azalt\u0131m\u0131 sa\u011flar.<\/p><p><strong>ACCREDITATIONS<\/strong><br \/>Our products are tested according to the latest EU standards. It has been evaluated according to the requirements of technical programs and received Efectis Era approval.<\/p><p>\u00a0<\/p><p><strong>TEST INFORMATION<\/strong><br \/>Test pieces between 1.5mm and 40mm resisted fire for 180 minutes and maintained their integrity according to the E criteria list at the end of the test.<\/p><p>\u00a0<\/p><p><strong>TEST RESULT:<\/strong>EN1366-4 2006 A1 2010 (E)<br \/>EN1363-1:1999,Fire resistance test-part1:General requirements:EN1363-2,Fire resistance tests-part2:Alternative and additional procedures.<br \/>EN ISO 13943:2000,Fire safety-vocabulary(ISO 13943:2000)<\/p><p>\u00a0<\/p><p>\u00a0<\/p><p><strong>STANDARD DIMENSIONS<\/strong><br \/>*1.5mm x 15mm 25mt\/roll<br \/>*1.5mm x 20mm 25mt\/roll<br \/>*2 mm x 15 mm 25mt\/roll<br \/>*2 mm x 20 mm 25mt\/roll<\/p>\t\t\t\t\t\t<\/div>\n\t\t\t\t<\/div>\n\t\t\t\t\t<\/div>\n\t\t<\/div>\n\t\t\t\t<div class=\"elementor-column elementor-col-50 elementor-inner-column elementor-element elementor-element-db14e89\" data-id=\"db14e89\" data-element_type=\"column\">\n\t\t\t<div class=\"elementor-widget-wrap elementor-element-populated\">\n\t\t\t\t\t\t\t\t<div class=\"elementor-element elementor-element-bd8a869 elementor-widget elementor-widget-image\" data-id=\"bd8a869\" data-element_type=\"widget\" data-settings=\"{&quot;sticky&quot;:&quot;top&quot;,&quot;sticky_parent&quot;:&quot;yes&quot;,&quot;sticky_on&quot;:[&quot;desktop&quot;,&quot;tablet&quot;,&quot;mobile&quot;],&quot;sticky_offset&quot;:0,&quot;sticky_effects_offset&quot;:0}\" data-widget_type=\"image.default\">\n\t\t\t\t<div class=\"elementor-widget-container\">\n\t\t\t\t\t\t\t\t\t\t\t\t\t\t\t<img loading=\"lazy\" decoding=\"async\" width=\"750\" height=\"606\" src=\"https:\/\/boston-chemicals.com\/wp-content\/uploads\/2023\/07\/TECHNIK-YANGIN-BANTI-TR1-1024x827.jpg\" class=\"attachment-large size-large wp-image-329\" alt=\"\" srcset=\"https:\/\/boston-chemicals.com\/wp-content\/uploads\/2023\/07\/TECHNIK-YANGIN-BANTI-TR1-1024x827.jpg 1024w, https:\/\/boston-chemicals.com\/wp-content\/uploads\/2023\/07\/TECHNIK-YANGIN-BANTI-TR1-300x242.jpg 300w, https:\/\/boston-chemicals.com\/wp-content\/uploads\/2023\/07\/TECHNIK-YANGIN-BANTI-TR1-768x620.jpg 768w, https:\/\/boston-chemicals.com\/wp-content\/uploads\/2023\/07\/TECHNIK-YANGIN-BANTI-TR1.jpg 1193w\" sizes=\"auto, (max-width: 750px) 100vw, 750px\" style=\"width:100%;height:80.72%;max-width:1193px\" \/>\t\t\t\t\t\t\t\t\t\t\t\t\t\t\t<\/div>\n\t\t\t\t<\/div>\n\t\t\t\t\t<\/div>\n\t\t<\/div>\n\t\t\t\t\t\t\t<\/div>\n\t\t<\/section>\n\t\t\t\t\t<\/div>\n\t\t<\/div>\n\t\t\t\t\t\t\t<\/div>\n\t\t<\/section>\n\t\t\t\t\t\t\t<\/div>","protected":false},"excerpt":{"rendered":"<p>TDS TECHNIK+ YANGIN BANDI \u00dcR\u00dcN TANIMI\u00dcst\u00fcn kaliteli, sertifikal\u0131 olan Technik Yang\u0131n Band\u0131, yang\u0131n esnas\u0131nda uyguland\u0131\u011f\u0131 derzden, kap\u0131dan, \u00e7er\u00e7eveden ve yap\u0131dan hava sirk\u00fclasyonunu, duman\u0131 ve s\u0131cak gaz\u0131n ka\u00e7\u0131\u015f\u0131n\u0131 \u00f6nler. \u00a0 \u00a0 A\u00c7IKLAMA\u00dcr\u00fcn\u00fcm\u00fcz geni\u015fleyebilen Grafit kimyas\u0131na dayanmaktad\u0131r. Montaj\u0131n kolay yap\u0131lmas\u0131 i\u00e7in esnek ve kendinden yap\u0131\u015fkanl\u0131d\u0131r. Yang\u0131n esnas\u0131nda \u015fi\u015fen \u00fcr\u00fcn, hava sirk\u00fclasyonunu, kap\u0131larda, \u00e7er\u00e7eve kenarlar\u0131nda ve yang\u0131na dayan\u0131m\u0131n&hellip; <a class=\"more-link\" href=\"https:\/\/boston-chemicals.com\/en_us\/yangin-bantlari\/\">Continue reading <span class=\"screen-reader-text\">Fire Tapes<\/span><\/a><\/p>","protected":false},"author":1,"featured_media":0,"parent":0,"menu_order":0,"comment_status":"closed","ping_status":"closed","template":"","meta":{"footnotes":""},"class_list":["post-325","page","type-page","status-publish","hentry","entry"],"_links":{"self":[{"href":"https:\/\/boston-chemicals.com\/en_us\/wp-json\/wp\/v2\/pages\/325","targetHints":{"allow":["GET"]}}],"collection":[{"href":"https:\/\/boston-chemicals.com\/en_us\/wp-json\/wp\/v2\/pages"}],"about":[{"href":"https:\/\/boston-chemicals.com\/en_us\/wp-json\/wp\/v2\/types\/page"}],"author":[{"embeddable":true,"href":"https:\/\/boston-chemicals.com\/en_us\/wp-json\/wp\/v2\/users\/1"}],"replies":[{"embeddable":true,"href":"https:\/\/boston-chemicals.com\/en_us\/wp-json\/wp\/v2\/comments?post=325"}],"version-history":[{"count":7,"href":"https:\/\/boston-chemicals.com\/en_us\/wp-json\/wp\/v2\/pages\/325\/revisions"}],"predecessor-version":[{"id":335,"href":"https:\/\/boston-chemicals.com\/en_us\/wp-json\/wp\/v2\/pages\/325\/revisions\/335"}],"wp:attachment":[{"href":"https:\/\/boston-chemicals.com\/en_us\/wp-json\/wp\/v2\/media?parent=325"}],"curies":[{"name":"wp","href":"https:\/\/api.w.org\/{rel}","templated":true}]}}