{"id":373,"date":"2025-02-19T09:55:28","date_gmt":"2025-02-19T09:55:28","guid":{"rendered":"https:\/\/boston-chemicals.com\/?page_id=373"},"modified":"2025-02-20T10:16:01","modified_gmt":"2025-02-20T10:16:01","slug":"dilatasyon-bandi","status":"publish","type":"page","link":"https:\/\/boston-chemicals.com\/en_us\/dilatasyon-bandi\/","title":{"rendered":"Dilatation Band"},"content":{"rendered":"<div data-elementor-type=\"wp-page\" data-elementor-id=\"373\" class=\"elementor elementor-373\">\n\t\t\t\t\t\t\t\t\t<section data-particle_enable=\"false\" data-particle-mobile-disabled=\"false\" class=\"elementor-section elementor-top-section elementor-element elementor-element-304b561 elementor-section-boxed elementor-section-height-default elementor-section-height-default\" data-id=\"304b561\" data-element_type=\"section\" data-e-bg-lazyload=\".elementor-background-overlay\">\n\t\t\t\t\t\t\t<div class=\"elementor-background-overlay\"><\/div>\n\t\t\t\t\t\t\t<div class=\"elementor-container elementor-column-gap-default\">\n\t\t\t\t\t<div class=\"elementor-column elementor-col-100 elementor-top-column elementor-element elementor-element-0388671\" data-id=\"0388671\" data-element_type=\"column\">\n\t\t\t<div class=\"elementor-widget-wrap elementor-element-populated\">\n\t\t\t\t\t\t\t\t<section data-particle_enable=\"false\" data-particle-mobile-disabled=\"false\" class=\"elementor-section elementor-inner-section elementor-element elementor-element-bb85211 elementor-section-boxed elementor-section-height-default elementor-section-height-default\" data-id=\"bb85211\" data-element_type=\"section\">\n\t\t\t\t\t\t<div class=\"elementor-container elementor-column-gap-default\">\n\t\t\t\t\t<div class=\"elementor-column elementor-col-50 elementor-inner-column elementor-element elementor-element-2923332\" data-id=\"2923332\" data-element_type=\"column\">\n\t\t\t<div class=\"elementor-widget-wrap elementor-element-populated\">\n\t\t\t\t\t\t\t\t<div class=\"elementor-element elementor-element-1db5c71 elementor-align-justify elementor-widget elementor-widget-button\" data-id=\"1db5c71\" data-element_type=\"widget\" data-widget_type=\"button.default\">\n\t\t\t\t<div class=\"elementor-widget-container\">\n\t\t\t\t\t<div class=\"elementor-button-wrapper\">\n\t\t\t<a href=\"https:\/\/boston-chemicals.com\/data\/technik+dilatation-tape-en.pdf\" class=\"elementor-button-link elementor-button elementor-size-sm\" role=\"button\">\n\t\t\t\t\t\t<span class=\"elementor-button-content-wrapper\">\n\t\t\t\t\t\t\t<span class=\"elementor-button-icon elementor-align-icon-left\">\n\t\t\t\t<svg aria-hidden=\"true\" class=\"e-font-icon-svg e-fab-readme\" viewbox=\"0 0 576 512\" xmlns=\"http:\/\/www.w3.org\/2000\/svg\"><path d=\"M528.3 46.5H388.5c-48.1 0-89.9 33.3-100.4 80.3-10.6-47-52.3-80.3-100.4-80.3H48c-26.5 0-48 21.5-48 48v245.8c0 26.5 21.5 48 48 48h89.7c102.2 0 132.7 24.4 147.3 75 .7 2.8 5.2 2.8 6 0 14.7-50.6 45.2-75 147.3-75H528c26.5 0 48-21.5 48-48V94.6c0-26.4-21.3-47.9-47.7-48.1zM242 311.9c0 1.9-1.5 3.5-3.5 3.5H78.2c-1.9 0-3.5-1.5-3.5-3.5V289c0-1.9 1.5-3.5 3.5-3.5h160.4c1.9 0 3.5 1.5 3.5 3.5v22.9zm0-60.9c0 1.9-1.5 3.5-3.5 3.5H78.2c-1.9 0-3.5-1.5-3.5-3.5v-22.9c0-1.9 1.5-3.5 3.5-3.5h160.4c1.9 0 3.5 1.5 3.5 3.5V251zm0-60.9c0 1.9-1.5 3.5-3.5 3.5H78.2c-1.9 0-3.5-1.5-3.5-3.5v-22.9c0-1.9 1.5-3.5 3.5-3.5h160.4c1.9 0 3.5 1.5 3.5 3.5v22.9zm259.3 121.7c0 1.9-1.5 3.5-3.5 3.5H337.5c-1.9 0-3.5-1.5-3.5-3.5v-22.9c0-1.9 1.5-3.5 3.5-3.5h160.4c1.9 0 3.5 1.5 3.5 3.5v22.9zm0-60.9c0 1.9-1.5 3.5-3.5 3.5H337.5c-1.9 0-3.5-1.5-3.5-3.5V228c0-1.9 1.5-3.5 3.5-3.5h160.4c1.9 0 3.5 1.5 3.5 3.5v22.9zm0-60.9c0 1.9-1.5 3.5-3.5 3.5H337.5c-1.9 0-3.5-1.5-3.5-3.5v-22.8c0-1.9 1.5-3.5 3.5-3.5h160.4c1.9 0 3.5 1.5 3.5 3.5V190z\"><\/path><\/svg>\t\t\t<\/span>\n\t\t\t\t\t\t<span class=\"elementor-button-text\">TDS<\/span>\n\t\t<\/span>\n\t\t\t\t\t<\/a>\n\t\t<\/div>\n\t\t\t\t<\/div>\n\t\t\t\t<\/div>\n\t\t\t\t\t<\/div>\n\t\t<\/div>\n\t\t\t\t<div class=\"elementor-column elementor-col-50 elementor-inner-column elementor-element elementor-element-c849fff\" data-id=\"c849fff\" data-element_type=\"column\">\n\t\t\t<div class=\"elementor-widget-wrap elementor-element-populated\">\n\t\t\t\t\t\t\t\t<div class=\"elementor-element elementor-element-b5de2ac elementor-widget elementor-widget-heading\" data-id=\"b5de2ac\" data-element_type=\"widget\" data-widget_type=\"heading.default\">\n\t\t\t\t<div class=\"elementor-widget-container\">\n\t\t\t<style>\/*! elementor - v3.9.1 - 14-12-2022 *\/\n.elementor-heading-title{padding:0;margin:0;line-height:1}.elementor-widget-heading .elementor-heading-title[class*=elementor-size-]>a{color:inherit;font-size:inherit;line-height:inherit}.elementor-widget-heading .elementor-heading-title.elementor-size-small{font-size:15px}.elementor-widget-heading .elementor-heading-title.elementor-size-medium{font-size:19px}.elementor-widget-heading .elementor-heading-title.elementor-size-large{font-size:29px}.elementor-widget-heading .elementor-heading-title.elementor-size-xl{font-size:39px}.elementor-widget-heading .elementor-heading-title.elementor-size-xxl{font-size:59px}<\/style><h2 class=\"elementor-heading-title elementor-size-default\">DILATATION BAND<\/h2>\t\t<\/div>\n\t\t\t\t<\/div>\n\t\t\t\t\t<\/div>\n\t\t<\/div>\n\t\t\t\t\t\t\t<\/div>\n\t\t<\/section>\n\t\t\t\t<section data-particle_enable=\"false\" data-particle-mobile-disabled=\"false\" class=\"elementor-section elementor-inner-section elementor-element elementor-element-6025f03 elementor-section-boxed elementor-section-height-default elementor-section-height-default\" data-id=\"6025f03\" data-element_type=\"section\">\n\t\t\t\t\t\t<div class=\"elementor-container elementor-column-gap-default\">\n\t\t\t\t\t<div class=\"elementor-column elementor-col-50 elementor-inner-column elementor-element elementor-element-80feaaa\" data-id=\"80feaaa\" data-element_type=\"column\">\n\t\t\t<div class=\"elementor-widget-wrap elementor-element-populated\">\n\t\t\t\t\t\t\t\t<div class=\"elementor-element elementor-element-14f289e elementor-widget elementor-widget-text-editor\" data-id=\"14f289e\" data-element_type=\"widget\" data-widget_type=\"text-editor.default\">\n\t\t\t\t<div class=\"elementor-widget-container\">\n\t\t\t<style>\/*! elementor - v3.9.1 - 14-12-2022 *\/\n.elementor-widget-text-editor.elementor-drop-cap-view-stacked .elementor-drop-cap{background-color:#818a91;color:#fff}.elementor-widget-text-editor.elementor-drop-cap-view-framed .elementor-drop-cap{color:#818a91;border:3px solid;background-color:transparent}.elementor-widget-text-editor:not(.elementor-drop-cap-view-default) .elementor-drop-cap{margin-top:8px}.elementor-widget-text-editor:not(.elementor-drop-cap-view-default) .elementor-drop-cap-letter{width:1em;height:1em}.elementor-widget-text-editor .elementor-drop-cap{float:left;text-align:center;line-height:1;font-size:50px}.elementor-widget-text-editor .elementor-drop-cap-letter{display:inline-block}<\/style>\t\t\t\t<p><strong>PRODUCT DESCRIPTION<\/strong><br \/>Tech-700 TP is a Thermoplastic (TPE) elastomer based tape, ideal for waterproofing and insulation of expansion joints.<\/p><p><br \/><strong>USAGE AREAS<\/strong><\/p><ul><li>High movement joints<\/li><li>Foundation and curtain walls<\/li><li>Tunnel, highway and metro constructions<\/li><li>Foundations, roofs and swimming pools<\/li><li>Sewage treatment plants<\/li><\/ul><p>\u00a0<\/p><p><strong>FEATURES<\/strong><\/p><ul><li>It is resistant to weather conditions, water, UV rays and various chemicals.<\/li><li>It is resistant to weather conditions, water, UV rays and various chemicals.<\/li><li>It is easy to apply, flexible, has permanent elasticity and good tensile properties.<\/li><li>It is not harmful to the user.<\/li><\/ul><p>\u00a0<\/p><p>The data on this page is based on the latest Lab test results. Specifications are subject to change or adaptation. We are not responsible for any missing information. Test first to make sure it is the right product for your application. Therefore testing is necessary.<\/p>\t\t\t\t\t\t<\/div>\n\t\t\t\t<\/div>\n\t\t\t\t\t<\/div>\n\t\t<\/div>\n\t\t\t\t<div class=\"elementor-column elementor-col-50 elementor-inner-column elementor-element elementor-element-4039d1a\" data-id=\"4039d1a\" data-element_type=\"column\">\n\t\t\t<div class=\"elementor-widget-wrap elementor-element-populated\">\n\t\t\t\t\t\t\t\t<div class=\"elementor-element elementor-element-0bb79eb elementor-widget elementor-widget-text-editor\" data-id=\"0bb79eb\" data-element_type=\"widget\" data-widget_type=\"text-editor.default\">\n\t\t\t\t<div class=\"elementor-widget-container\">\n\t\t\t\t\t\t\t<table class=\"alignright\" width=\"408\"><tbody><tr><td style=\"text-align: center;\" colspan=\"2\" width=\"408\"><b>TECHNICIAL SPECIFICATIONS<\/b><\/td><\/tr><tr><td>Raw materials<\/td><td>Flexible TPE based<\/td><\/tr><tr><td>Density(gr\/cm2)<\/td><td>1.400<\/td><\/tr><tr><td>Colour<\/td><td>Gri<\/td><\/tr><tr><td>Service temperature<\/td><td>-30oC\/+80oC<\/td><\/tr><tr><td>Tensile strength-Lateral<\/td><td>EN-ISO 527-3 Mpa 4.70<\/td><\/tr><tr><td>Tensile strength-Longitude<\/td><td>EN-ISO 527-3 Mpa 4.80<\/td><\/tr><tr><td>Max. Tensile elongation-Lateral<\/td><td>EN-ISO 527-3 580%<\/td><\/tr><tr><td>Max. Tensile elongation-Longitude<\/td><td>EN-ISO 527-3 532%<\/td><\/tr><tr><td>Tear resistance-Lateral<\/td><td>EN-ISO 527-3 N\/mm2 48<\/td><\/tr><tr><td>Tear resistance-Longitude<\/td><td>EN-ISO 527-3 N\/mm2 42<\/td><\/tr><tr><td>Water pressure resistance<\/td><td>EN1928 Bar &gt;5<\/td><\/tr><tr><td>Peel strength<\/td><td>DIN16860 N\/10mm&gt;20<\/td><\/tr><tr><td>Shore A<\/td><td>70<\/td><\/tr><\/tbody><\/table>\t\t\t\t\t\t<\/div>\n\t\t\t\t<\/div>\n\t\t\t\t\t<\/div>\n\t\t<\/div>\n\t\t\t\t\t\t\t<\/div>\n\t\t<\/section>\n\t\t\t\t\t<\/div>\n\t\t<\/div>\n\t\t\t\t\t\t\t<\/div>\n\t\t<\/section>\n\t\t\t\t\t\t\t<\/div>","protected":false},"excerpt":{"rendered":"<p>TDS D\u0130LATASYON BANDI \u00dcR\u00dcN TANIMITech-700 TP,Termoplastik(TPE) elastomer bazl\u0131,genle\u015fme derzlerinin Su ge\u00e7irimsizli\u011fi ve Yal\u0131t\u0131m\u0131 i\u00e7in ideal bir bantt\u0131r. KULLANIM ALANLARI Y\u00fcksek hareketli derzler Temel ve perde duvarlar T\u00fcnel, otoyol ve metro in\u015faatlar\u0131 Temeller, \u00e7at\u0131lar ve y\u00fczme havuzlar\u0131 Kanalizasyon ar\u0131tma tesisleri \u00a0 \u00d6ZELL\u0130KLER Hava \u015fartlar\u0131na, su, UV \u0131\u015f\u0131nlar\u0131na ve \u00e7e\u015fitli kimyasallara kar\u015f\u0131 diren\u00e7lidir. Yatay ve dikey genle\u015fme&hellip; <a class=\"more-link\" href=\"https:\/\/boston-chemicals.com\/en_us\/dilatasyon-bandi\/\">Continue reading <span class=\"screen-reader-text\">Dilatation Band<\/span><\/a><\/p>","protected":false},"author":1,"featured_media":0,"parent":0,"menu_order":0,"comment_status":"closed","ping_status":"closed","template":"","meta":{"footnotes":""},"class_list":["post-373","page","type-page","status-publish","hentry","entry"],"_links":{"self":[{"href":"https:\/\/boston-chemicals.com\/en_us\/wp-json\/wp\/v2\/pages\/373","targetHints":{"allow":["GET"]}}],"collection":[{"href":"https:\/\/boston-chemicals.com\/en_us\/wp-json\/wp\/v2\/pages"}],"about":[{"href":"https:\/\/boston-chemicals.com\/en_us\/wp-json\/wp\/v2\/types\/page"}],"author":[{"embeddable":true,"href":"https:\/\/boston-chemicals.com\/en_us\/wp-json\/wp\/v2\/users\/1"}],"replies":[{"embeddable":true,"href":"https:\/\/boston-chemicals.com\/en_us\/wp-json\/wp\/v2\/comments?post=373"}],"version-history":[{"count":7,"href":"https:\/\/boston-chemicals.com\/en_us\/wp-json\/wp\/v2\/pages\/373\/revisions"}],"predecessor-version":[{"id":382,"href":"https:\/\/boston-chemicals.com\/en_us\/wp-json\/wp\/v2\/pages\/373\/revisions\/382"}],"wp:attachment":[{"href":"https:\/\/boston-chemicals.com\/en_us\/wp-json\/wp\/v2\/media?parent=373"}],"curies":[{"name":"wp","href":"https:\/\/api.w.org\/{rel}","templated":true}]}}