{"id":92,"date":"2023-07-17T10:34:37","date_gmt":"2023-07-17T10:34:37","guid":{"rendered":"https:\/\/boston-chemicals.com\/?page_id=92"},"modified":"2023-07-19T12:05:17","modified_gmt":"2023-07-19T12:05:17","slug":"bentonit-esasli-bant","status":"publish","type":"page","link":"https:\/\/boston-chemicals.com\/en_us\/bentonit-esasli-bant\/","title":{"rendered":"Bentonite Based Tape"},"content":{"rendered":"<div data-elementor-type=\"wp-page\" data-elementor-id=\"92\" class=\"elementor elementor-92\">\n\t\t\t\t\t\t\t\t\t<section data-particle_enable=\"false\" data-particle-mobile-disabled=\"false\" class=\"elementor-section elementor-top-section elementor-element elementor-element-9b7efbe elementor-section-boxed elementor-section-height-default elementor-section-height-default\" data-id=\"9b7efbe\" data-element_type=\"section\">\n\t\t\t\t\t\t<div class=\"elementor-container elementor-column-gap-default\">\n\t\t\t\t\t<div class=\"elementor-column elementor-col-50 elementor-top-column elementor-element elementor-element-01a7728\" data-id=\"01a7728\" data-element_type=\"column\">\n\t\t\t<div class=\"elementor-widget-wrap elementor-element-populated\">\n\t\t\t\t\t\t\t\t<div class=\"elementor-element elementor-element-caa7930 elementor-align-left elementor-widget elementor-widget-button\" data-id=\"caa7930\" data-element_type=\"widget\" data-widget_type=\"button.default\">\n\t\t\t\t<div class=\"elementor-widget-container\">\n\t\t\t\t\t<div class=\"elementor-button-wrapper\">\n\t\t\t<a href=\"https:\/\/boston-chemicals.com\/data\/technik+bentonit-bantlar-en.pdf\" class=\"elementor-button-link elementor-button elementor-size-sm\" role=\"button\">\n\t\t\t\t\t\t<span class=\"elementor-button-content-wrapper\">\n\t\t\t\t\t\t\t<span class=\"elementor-button-icon elementor-align-icon-left\">\n\t\t\t\t<svg aria-hidden=\"true\" class=\"e-font-icon-svg e-fab-readme\" viewbox=\"0 0 576 512\" xmlns=\"http:\/\/www.w3.org\/2000\/svg\"><path d=\"M528.3 46.5H388.5c-48.1 0-89.9 33.3-100.4 80.3-10.6-47-52.3-80.3-100.4-80.3H48c-26.5 0-48 21.5-48 48v245.8c0 26.5 21.5 48 48 48h89.7c102.2 0 132.7 24.4 147.3 75 .7 2.8 5.2 2.8 6 0 14.7-50.6 45.2-75 147.3-75H528c26.5 0 48-21.5 48-48V94.6c0-26.4-21.3-47.9-47.7-48.1zM242 311.9c0 1.9-1.5 3.5-3.5 3.5H78.2c-1.9 0-3.5-1.5-3.5-3.5V289c0-1.9 1.5-3.5 3.5-3.5h160.4c1.9 0 3.5 1.5 3.5 3.5v22.9zm0-60.9c0 1.9-1.5 3.5-3.5 3.5H78.2c-1.9 0-3.5-1.5-3.5-3.5v-22.9c0-1.9 1.5-3.5 3.5-3.5h160.4c1.9 0 3.5 1.5 3.5 3.5V251zm0-60.9c0 1.9-1.5 3.5-3.5 3.5H78.2c-1.9 0-3.5-1.5-3.5-3.5v-22.9c0-1.9 1.5-3.5 3.5-3.5h160.4c1.9 0 3.5 1.5 3.5 3.5v22.9zm259.3 121.7c0 1.9-1.5 3.5-3.5 3.5H337.5c-1.9 0-3.5-1.5-3.5-3.5v-22.9c0-1.9 1.5-3.5 3.5-3.5h160.4c1.9 0 3.5 1.5 3.5 3.5v22.9zm0-60.9c0 1.9-1.5 3.5-3.5 3.5H337.5c-1.9 0-3.5-1.5-3.5-3.5V228c0-1.9 1.5-3.5 3.5-3.5h160.4c1.9 0 3.5 1.5 3.5 3.5v22.9zm0-60.9c0 1.9-1.5 3.5-3.5 3.5H337.5c-1.9 0-3.5-1.5-3.5-3.5v-22.8c0-1.9 1.5-3.5 3.5-3.5h160.4c1.9 0 3.5 1.5 3.5 3.5V190z\"><\/path><\/svg>\t\t\t<\/span>\n\t\t\t\t\t\t<span class=\"elementor-button-text\">TDS<\/span>\n\t\t<\/span>\n\t\t\t\t\t<\/a>\n\t\t<\/div>\n\t\t\t\t<\/div>\n\t\t\t\t<\/div>\n\t\t\t\t<div class=\"elementor-element elementor-element-185182f elementor-widget elementor-widget-text-editor\" data-id=\"185182f\" data-element_type=\"widget\" data-widget_type=\"text-editor.default\">\n\t\t\t\t<div class=\"elementor-widget-container\">\n\t\t\t<style>\/*! elementor - v3.9.1 - 14-12-2022 *\/\n.elementor-widget-text-editor.elementor-drop-cap-view-stacked .elementor-drop-cap{background-color:#818a91;color:#fff}.elementor-widget-text-editor.elementor-drop-cap-view-framed .elementor-drop-cap{color:#818a91;border:3px solid;background-color:transparent}.elementor-widget-text-editor:not(.elementor-drop-cap-view-default) .elementor-drop-cap{margin-top:8px}.elementor-widget-text-editor:not(.elementor-drop-cap-view-default) .elementor-drop-cap-letter{width:1em;height:1em}.elementor-widget-text-editor .elementor-drop-cap{float:left;text-align:center;line-height:1;font-size:50px}.elementor-widget-text-editor .elementor-drop-cap-letter{display:inline-block}<\/style>\t\t\t\t<p><b>PRODUCT DESCRIPTION<\/b><br>TECHNIK+ is a natural sodium bentonite based hydrophilic water retaining tape that swells in contact with water.<\/p><p><br><\/p>\n<p><b>USAGE AREAS<\/b><br>*Indoor and outdoor<br>*Foundation-Screen combinations<br>*In prefabricated element joints<br>*In pools, water tanks and treatment facilities<br>*In tunnel segments<br>*In manholes, pipes and metal parts inlets and exits<\/p><p><br><\/p>\n<p><b>FEATURES<\/b><br>High hydrostatic resistance, fast and easy application, can be applied to different surfaces, non-toxic.<\/p><p><br><\/p>\n<p><b>STANDARD DIMENSIONS<\/b><br>05 mm x 20 mm 10 meter roll 70 meters\/box<br>10 mm x 20 mm 10 meter roll 50 meters\/box<br>20 mm x 25 mm 5 meter roll 35 meters\/box<br>10 mm x 25 mm 10 meter roll 50 meters\/box<\/p><p><br><\/p>\n<p><b>TECHNICAL DATA<\/b><br>At the end of the 7th day: 200%<br>At the end of the 14th day: 300%<br>Dry\/Wet differential: 200%<br>Water pressure resistance: 5bar @ 50m<br>Application temperature: -20\u00b0C to +50\u00b0C<br>Test area water hardness: 200ppm CaCO3<br>The expansion rate will increase significantly where water hardness is low.<\/p>\t\t\t\t\t\t<\/div>\n\t\t\t\t<\/div>\n\t\t\t\t\t<\/div>\n\t\t<\/div>\n\t\t\t\t<div class=\"elementor-column elementor-col-50 elementor-top-column elementor-element elementor-element-bc96609\" data-id=\"bc96609\" data-element_type=\"column\">\n\t\t\t<div class=\"elementor-widget-wrap elementor-element-populated\">\n\t\t\t\t\t\t\t\t<div class=\"elementor-element elementor-element-843b230 elementor-widget elementor-widget-image\" data-id=\"843b230\" data-element_type=\"widget\" data-widget_type=\"image.default\">\n\t\t\t\t<div class=\"elementor-widget-container\">\n\t\t\t<style>\/*! elementor - v3.9.1 - 14-12-2022 *\/\n.elementor-widget-image{text-align:center}.elementor-widget-image a{display:inline-block}.elementor-widget-image a img[src$=\".svg\"]{width:48px}.elementor-widget-image img{vertical-align:middle;display:inline-block}<\/style>\t\t\t\t\t\t\t\t\t\t\t\t<img loading=\"lazy\" decoding=\"async\" width=\"600\" height=\"600\" src=\"https:\/\/boston-chemicals.com\/wp-content\/uploads\/2023\/07\/bentonit.png\" class=\"attachment-large size-large wp-image-112\" alt=\"\" srcset=\"https:\/\/boston-chemicals.com\/wp-content\/uploads\/2023\/07\/bentonit.png 600w, https:\/\/boston-chemicals.com\/wp-content\/uploads\/2023\/07\/bentonit-300x300.png 300w, https:\/\/boston-chemicals.com\/wp-content\/uploads\/2023\/07\/bentonit-150x150.png 150w\" sizes=\"auto, (max-width: 600px) 100vw, 600px\" style=\"width:100%;height:100%;max-width:600px\" \/>\t\t\t\t\t\t\t\t\t\t\t\t\t\t\t<\/div>\n\t\t\t\t<\/div>\n\t\t\t\t\t<\/div>\n\t\t<\/div>\n\t\t\t\t\t\t\t<\/div>\n\t\t<\/section>\n\t\t\t\t\t\t\t<\/div>","protected":false},"excerpt":{"rendered":"<p>TDS \u00dcR\u00dcN TANIMITECHNIK+ Do\u011fal sodyum bentonit esasl\u0131 hydrophilic su ile temas halinde \u015fi\u015fen su tutucu bantt\u0131r. KULLANIM ALANLARI*\u0130\u00e7 ve d\u0131\u015f mekanlarda*Temel-Perde birle\u015fimlerinde*Prefabrik eleman derzlerinde*Havuzlarda, Su depolar\u0131nda ve Ar\u0131tma tesislerinde*T\u00fcnel segmentlerinde*R\u00f6garlarda, Boru ve metal aksam giri\u015f-\u00e7\u0131k\u0131\u015flar\u0131nda \u00d6ZELL\u0130KLERY\u00fcksek hidrostatik diren\u00e7, h\u0131zl\u0131 ve kolay uygulama, farkl\u0131 y\u00fczeylere uygulanabilir, toksik de\u011fildir. STANDART \u00d6L\u00c7\u00dcLER05 mm x 20 mm 10 metre&hellip; <a class=\"more-link\" href=\"https:\/\/boston-chemicals.com\/en_us\/bentonit-esasli-bant\/\">Continue reading <span class=\"screen-reader-text\">Bentonite Based Tape<\/span><\/a><\/p>","protected":false},"author":1,"featured_media":0,"parent":0,"menu_order":0,"comment_status":"closed","ping_status":"closed","template":"","meta":{"footnotes":""},"class_list":["post-92","page","type-page","status-publish","hentry","entry"],"_links":{"self":[{"href":"https:\/\/boston-chemicals.com\/en_us\/wp-json\/wp\/v2\/pages\/92","targetHints":{"allow":["GET"]}}],"collection":[{"href":"https:\/\/boston-chemicals.com\/en_us\/wp-json\/wp\/v2\/pages"}],"about":[{"href":"https:\/\/boston-chemicals.com\/en_us\/wp-json\/wp\/v2\/types\/page"}],"author":[{"embeddable":true,"href":"https:\/\/boston-chemicals.com\/en_us\/wp-json\/wp\/v2\/users\/1"}],"replies":[{"embeddable":true,"href":"https:\/\/boston-chemicals.com\/en_us\/wp-json\/wp\/v2\/comments?post=92"}],"version-history":[{"count":13,"href":"https:\/\/boston-chemicals.com\/en_us\/wp-json\/wp\/v2\/pages\/92\/revisions"}],"predecessor-version":[{"id":316,"href":"https:\/\/boston-chemicals.com\/en_us\/wp-json\/wp\/v2\/pages\/92\/revisions\/316"}],"wp:attachment":[{"href":"https:\/\/boston-chemicals.com\/en_us\/wp-json\/wp\/v2\/media?parent=92"}],"curies":[{"name":"wp","href":"https:\/\/api.w.org\/{rel}","templated":true}]}}