{"id":94,"date":"2023-07-17T10:34:45","date_gmt":"2023-07-17T10:34:45","guid":{"rendered":"https:\/\/boston-chemicals.com\/?page_id=94"},"modified":"2023-07-19T12:04:59","modified_gmt":"2023-07-19T12:04:59","slug":"akrilik-bantlar","status":"publish","type":"page","link":"https:\/\/boston-chemicals.com\/en_us\/akrilik-bantlar\/","title":{"rendered":"Acrylic Tapes"},"content":{"rendered":"<div data-elementor-type=\"wp-page\" data-elementor-id=\"94\" class=\"elementor elementor-94\">\n\t\t\t\t\t\t\t\t\t<section data-particle_enable=\"false\" data-particle-mobile-disabled=\"false\" class=\"elementor-section elementor-top-section elementor-element elementor-element-5b1ecc8 elementor-section-boxed elementor-section-height-default elementor-section-height-default\" data-id=\"5b1ecc8\" data-element_type=\"section\">\n\t\t\t\t\t\t<div class=\"elementor-container elementor-column-gap-default\">\n\t\t\t\t\t<div class=\"elementor-column elementor-col-50 elementor-top-column elementor-element elementor-element-c1ee5d5\" data-id=\"c1ee5d5\" data-element_type=\"column\">\n\t\t\t<div class=\"elementor-widget-wrap elementor-element-populated\">\n\t\t\t\t\t\t\t\t<div class=\"elementor-element elementor-element-9a28751 elementor-widget elementor-widget-image\" data-id=\"9a28751\" data-element_type=\"widget\" data-widget_type=\"image.default\">\n\t\t\t\t<div class=\"elementor-widget-container\">\n\t\t\t<style>\/*! elementor - v3.9.1 - 14-12-2022 *\/\n.elementor-widget-image{text-align:center}.elementor-widget-image a{display:inline-block}.elementor-widget-image a img[src$=\".svg\"]{width:48px}.elementor-widget-image img{vertical-align:middle;display:inline-block}<\/style>\t\t\t\t\t\t\t\t\t\t\t\t<img loading=\"lazy\" decoding=\"async\" width=\"680\" height=\"366\" src=\"https:\/\/boston-chemicals.com\/wp-content\/uploads\/2023\/07\/akrilik-bantlar.png\" class=\"attachment-large size-large wp-image-111\" alt=\"\" srcset=\"https:\/\/boston-chemicals.com\/wp-content\/uploads\/2023\/07\/akrilik-bantlar.png 680w, https:\/\/boston-chemicals.com\/wp-content\/uploads\/2023\/07\/akrilik-bantlar-300x161.png 300w\" sizes=\"auto, (max-width: 680px) 100vw, 680px\" style=\"width:100%;height:53.82%;max-width:680px\" \/>\t\t\t\t\t\t\t\t\t\t\t\t\t\t\t<\/div>\n\t\t\t\t<\/div>\n\t\t\t\t\t<\/div>\n\t\t<\/div>\n\t\t\t\t<div class=\"elementor-column elementor-col-50 elementor-top-column elementor-element elementor-element-bf25a8b\" data-id=\"bf25a8b\" data-element_type=\"column\">\n\t\t\t<div class=\"elementor-widget-wrap elementor-element-populated\">\n\t\t\t\t\t\t\t\t<div class=\"elementor-element elementor-element-6de836f elementor-align-right elementor-widget elementor-widget-button\" data-id=\"6de836f\" data-element_type=\"widget\" data-widget_type=\"button.default\">\n\t\t\t\t<div class=\"elementor-widget-container\">\n\t\t\t\t\t<div class=\"elementor-button-wrapper\">\n\t\t\t<a href=\"https:\/\/boston-chemicals.com\/data\/technik+akrilik-bantlar-en.pdf\" class=\"elementor-button-link elementor-button elementor-size-sm\" role=\"button\">\n\t\t\t\t\t\t<span class=\"elementor-button-content-wrapper\">\n\t\t\t\t\t\t\t<span class=\"elementor-button-icon elementor-align-icon-left\">\n\t\t\t\t<svg aria-hidden=\"true\" class=\"e-font-icon-svg e-fab-readme\" viewbox=\"0 0 576 512\" xmlns=\"http:\/\/www.w3.org\/2000\/svg\"><path d=\"M528.3 46.5H388.5c-48.1 0-89.9 33.3-100.4 80.3-10.6-47-52.3-80.3-100.4-80.3H48c-26.5 0-48 21.5-48 48v245.8c0 26.5 21.5 48 48 48h89.7c102.2 0 132.7 24.4 147.3 75 .7 2.8 5.2 2.8 6 0 14.7-50.6 45.2-75 147.3-75H528c26.5 0 48-21.5 48-48V94.6c0-26.4-21.3-47.9-47.7-48.1zM242 311.9c0 1.9-1.5 3.5-3.5 3.5H78.2c-1.9 0-3.5-1.5-3.5-3.5V289c0-1.9 1.5-3.5 3.5-3.5h160.4c1.9 0 3.5 1.5 3.5 3.5v22.9zm0-60.9c0 1.9-1.5 3.5-3.5 3.5H78.2c-1.9 0-3.5-1.5-3.5-3.5v-22.9c0-1.9 1.5-3.5 3.5-3.5h160.4c1.9 0 3.5 1.5 3.5 3.5V251zm0-60.9c0 1.9-1.5 3.5-3.5 3.5H78.2c-1.9 0-3.5-1.5-3.5-3.5v-22.9c0-1.9 1.5-3.5 3.5-3.5h160.4c1.9 0 3.5 1.5 3.5 3.5v22.9zm259.3 121.7c0 1.9-1.5 3.5-3.5 3.5H337.5c-1.9 0-3.5-1.5-3.5-3.5v-22.9c0-1.9 1.5-3.5 3.5-3.5h160.4c1.9 0 3.5 1.5 3.5 3.5v22.9zm0-60.9c0 1.9-1.5 3.5-3.5 3.5H337.5c-1.9 0-3.5-1.5-3.5-3.5V228c0-1.9 1.5-3.5 3.5-3.5h160.4c1.9 0 3.5 1.5 3.5 3.5v22.9zm0-60.9c0 1.9-1.5 3.5-3.5 3.5H337.5c-1.9 0-3.5-1.5-3.5-3.5v-22.8c0-1.9 1.5-3.5 3.5-3.5h160.4c1.9 0 3.5 1.5 3.5 3.5V190z\"><\/path><\/svg>\t\t\t<\/span>\n\t\t\t\t\t\t<span class=\"elementor-button-text\">TDS<\/span>\n\t\t<\/span>\n\t\t\t\t\t<\/a>\n\t\t<\/div>\n\t\t\t\t<\/div>\n\t\t\t\t<\/div>\n\t\t\t\t<div class=\"elementor-element elementor-element-d31d206 elementor-widget elementor-widget-text-editor\" data-id=\"d31d206\" data-element_type=\"widget\" data-widget_type=\"text-editor.default\">\n\t\t\t\t<div class=\"elementor-widget-container\">\n\t\t\t<style>\/*! elementor - v3.9.1 - 14-12-2022 *\/\n.elementor-widget-text-editor.elementor-drop-cap-view-stacked .elementor-drop-cap{background-color:#818a91;color:#fff}.elementor-widget-text-editor.elementor-drop-cap-view-framed .elementor-drop-cap{color:#818a91;border:3px solid;background-color:transparent}.elementor-widget-text-editor:not(.elementor-drop-cap-view-default) .elementor-drop-cap{margin-top:8px}.elementor-widget-text-editor:not(.elementor-drop-cap-view-default) .elementor-drop-cap-letter{width:1em;height:1em}.elementor-widget-text-editor .elementor-drop-cap{float:left;text-align:center;line-height:1;font-size:50px}.elementor-widget-text-editor .elementor-drop-cap-letter{display:inline-block}<\/style>\t\t\t\t<p><b>FEATURES<\/b><br \/>TECHNIK-AC is an acrylic and hydrophilic polymer-based water retaining joint tape that expands when in contact with water and is resistant to deformation. Thanks to its elasticity, it expands up to 900% in contact with water and returns to its previous shape in a dry environment. It is resistant to salt, lime and dirty water, various chemicals and oils. Volume change does not disrupt the molecular structure, it does not damage fresh concrete by swelling at the ideal speed, and can be applied on horizontal and vertical surfaces. It is permanently water resistant. It is not affected by freezing and thawing, does not oxidize or corrode, and can be cut with scissors or a utility knife. It is not poisonous.<\/p><p><br \/><b>USAGE AREAS<\/b><br \/>In cold building joints subject to hydrostatic pressure, water tanks, treatment plants, tunnel segments, pools, pipe inlets and outlets, curtain foundations, and structures exposed to sea water.<\/p><p><br \/><b>STANDARD DIMENSIONS<\/b><\/p><p>05 m m x 20 mm 20 mt\/ roll - 140 mt\/ box<br \/>10 m m x 20 mm 10 mt\/ roll - 70 mt\/ box<\/p>\t\t\t\t\t\t<\/div>\n\t\t\t\t<\/div>\n\t\t\t\t\t<\/div>\n\t\t<\/div>\n\t\t\t\t\t\t\t<\/div>\n\t\t<\/section>\n\t\t\t\t<section data-particle_enable=\"false\" data-particle-mobile-disabled=\"false\" class=\"elementor-section elementor-top-section elementor-element elementor-element-d66c3a5 elementor-section-boxed elementor-section-height-default elementor-section-height-default\" data-id=\"d66c3a5\" data-element_type=\"section\">\n\t\t\t\t\t\t<div class=\"elementor-container elementor-column-gap-default\">\n\t\t\t\t\t<div class=\"elementor-column elementor-col-100 elementor-top-column elementor-element elementor-element-f41b73e\" data-id=\"f41b73e\" data-element_type=\"column\">\n\t\t\t<div class=\"elementor-widget-wrap elementor-element-populated\">\n\t\t\t\t\t\t\t\t<div class=\"elementor-element elementor-element-3057fd8 elementor-widget-divider--view-line elementor-widget elementor-widget-divider\" data-id=\"3057fd8\" data-element_type=\"widget\" data-widget_type=\"divider.default\">\n\t\t\t\t<div class=\"elementor-widget-container\">\n\t\t\t<style>\/*! elementor - v3.9.1 - 14-12-2022 *\/\n.elementor-widget-divider{--divider-border-style:none;--divider-border-width:1px;--divider-color:#2c2c2c;--divider-icon-size:20px;--divider-element-spacing:10px;--divider-pattern-height:24px;--divider-pattern-size:20px;--divider-pattern-url:none;--divider-pattern-repeat:repeat-x}.elementor-widget-divider .elementor-divider{display:flex}.elementor-widget-divider .elementor-divider__text{font-size:15px;line-height:1;max-width:95%}.elementor-widget-divider .elementor-divider__element{margin:0 var(--divider-element-spacing);flex-shrink:0}.elementor-widget-divider .elementor-icon{font-size:var(--divider-icon-size)}.elementor-widget-divider .elementor-divider-separator{display:flex;margin:0;direction:ltr}.elementor-widget-divider--view-line_icon .elementor-divider-separator,.elementor-widget-divider--view-line_text .elementor-divider-separator{align-items:center}.elementor-widget-divider--view-line_icon .elementor-divider-separator:after,.elementor-widget-divider--view-line_icon .elementor-divider-separator:before,.elementor-widget-divider--view-line_text .elementor-divider-separator:after,.elementor-widget-divider--view-line_text .elementor-divider-separator:before{display:block;content:\"\";border-bottom:0;flex-grow:1;border-top:var(--divider-border-width) var(--divider-border-style) var(--divider-color)}.elementor-widget-divider--element-align-left .elementor-divider .elementor-divider-separator>.elementor-divider__svg:first-of-type{flex-grow:0;flex-shrink:100}.elementor-widget-divider--element-align-left .elementor-divider-separator:before{content:none}.elementor-widget-divider--element-align-left .elementor-divider__element{margin-left:0}.elementor-widget-divider--element-align-right .elementor-divider .elementor-divider-separator>.elementor-divider__svg:last-of-type{flex-grow:0;flex-shrink:100}.elementor-widget-divider--element-align-right .elementor-divider-separator:after{content:none}.elementor-widget-divider--element-align-right .elementor-divider__element{margin-right:0}.elementor-widget-divider:not(.elementor-widget-divider--view-line_text):not(.elementor-widget-divider--view-line_icon) .elementor-divider-separator{border-top:var(--divider-border-width) var(--divider-border-style) var(--divider-color)}.elementor-widget-divider--separator-type-pattern{--divider-border-style:none}.elementor-widget-divider--separator-type-pattern.elementor-widget-divider--view-line .elementor-divider-separator,.elementor-widget-divider--separator-type-pattern:not(.elementor-widget-divider--view-line) .elementor-divider-separator:after,.elementor-widget-divider--separator-type-pattern:not(.elementor-widget-divider--view-line) .elementor-divider-separator:before,.elementor-widget-divider--separator-type-pattern:not([class*=elementor-widget-divider--view]) .elementor-divider-separator{width:100%;min-height:var(--divider-pattern-height);-webkit-mask-size:var(--divider-pattern-size) 100%;mask-size:var(--divider-pattern-size) 100%;-webkit-mask-repeat:var(--divider-pattern-repeat);mask-repeat:var(--divider-pattern-repeat);background-color:var(--divider-color);-webkit-mask-image:var(--divider-pattern-url);mask-image:var(--divider-pattern-url)}.elementor-widget-divider--no-spacing{--divider-pattern-size:auto}.elementor-widget-divider--bg-round{--divider-pattern-repeat:round}.rtl .elementor-widget-divider .elementor-divider__text{direction:rtl}.e-con-inner>.elementor-widget-divider,.e-con>.elementor-widget-divider{width:var(--container-widget-width);--flex-grow:var(--container-widget-flex-grow)}<\/style>\t\t<div class=\"elementor-divider\">\n\t\t\t<span class=\"elementor-divider-separator\">\n\t\t\t\t\t\t<\/span>\n\t\t<\/div>\n\t\t\t\t<\/div>\n\t\t\t\t<\/div>\n\t\t\t\t<div class=\"elementor-element elementor-element-ee4e063 elementor-widget elementor-widget-heading\" data-id=\"ee4e063\" data-element_type=\"widget\" data-widget_type=\"heading.default\">\n\t\t\t\t<div class=\"elementor-widget-container\">\n\t\t\t<style>\/*! elementor - v3.9.1 - 14-12-2022 *\/\n.elementor-heading-title{padding:0;margin:0;line-height:1}.elementor-widget-heading .elementor-heading-title[class*=elementor-size-]>a{color:inherit;font-size:inherit;line-height:inherit}.elementor-widget-heading .elementor-heading-title.elementor-size-small{font-size:15px}.elementor-widget-heading .elementor-heading-title.elementor-size-medium{font-size:19px}.elementor-widget-heading .elementor-heading-title.elementor-size-large{font-size:29px}.elementor-widget-heading .elementor-heading-title.elementor-size-xl{font-size:39px}.elementor-widget-heading .elementor-heading-title.elementor-size-xxl{font-size:59px}<\/style><h2 class=\"elementor-heading-title elementor-size-default\">TECHNIK AC-300 Waterstop Joint Tape<\/h2>\t\t<\/div>\n\t\t\t\t<\/div>\n\t\t\t\t<section data-particle_enable=\"false\" data-particle-mobile-disabled=\"false\" class=\"elementor-section elementor-inner-section elementor-element elementor-element-5c19730 elementor-section-boxed elementor-section-height-default elementor-section-height-default\" data-id=\"5c19730\" data-element_type=\"section\">\n\t\t\t\t\t\t<div class=\"elementor-container elementor-column-gap-default\">\n\t\t\t\t\t<div class=\"elementor-column elementor-col-50 elementor-inner-column elementor-element elementor-element-aff99fd\" data-id=\"aff99fd\" data-element_type=\"column\">\n\t\t\t<div class=\"elementor-widget-wrap elementor-element-populated\">\n\t\t\t\t\t\t\t\t<div class=\"elementor-element elementor-element-3d7e781 elementor-widget elementor-widget-text-editor\" data-id=\"3d7e781\" data-element_type=\"widget\" data-widget_type=\"text-editor.default\">\n\t\t\t\t<div class=\"elementor-widget-container\">\n\t\t\t\t\t\t\t<p><b>TECHNICIAL SPECIFICATIONS<\/b><br \/>*Calculated based on a temperature of 20\u00b0C and 50% relative humidity.<br \/>*Expansion rate after 7 days: 300% (DIN 73521)<br \/>*Expansion rate after 14 days: 300% (DIN 73521) *Wet dry expansion rate: 250% (DIN73521)<br \/>*Su bas\u0131n\u00e7 dayan\u0131m\u0131: 7 bar @ 70m<br \/>*Color: Red | Density: 1.275 g\/cm3 | Hardness: 40 *Application temperature: -20\u00b0C \/ 50\u00b0C<br \/>*Test water hardness (CaCO3): 200ppm<br \/>*Hardness and salt content of water affect swelling.<br \/>*Does not contain bentonite.<\/p>\t\t\t\t\t\t<\/div>\n\t\t\t\t<\/div>\n\t\t\t\t\t<\/div>\n\t\t<\/div>\n\t\t\t\t<div class=\"elementor-column elementor-col-50 elementor-inner-column elementor-element elementor-element-d0633f8\" data-id=\"d0633f8\" data-element_type=\"column\">\n\t\t\t<div class=\"elementor-widget-wrap elementor-element-populated\">\n\t\t\t\t\t\t\t\t<div class=\"elementor-element elementor-element-6abe289 elementor-widget elementor-widget-image\" data-id=\"6abe289\" data-element_type=\"widget\" data-widget_type=\"image.default\">\n\t\t\t\t<div class=\"elementor-widget-container\">\n\t\t\t\t\t\t\t\t\t\t\t\t\t\t\t<img loading=\"lazy\" decoding=\"async\" width=\"750\" height=\"309\" src=\"https:\/\/boston-chemicals.com\/wp-content\/uploads\/2023\/07\/TECHNIK-AKRILIK-BANTLAR-TR1.jpg\" class=\"attachment-large size-large wp-image-187\" alt=\"\" srcset=\"https:\/\/boston-chemicals.com\/wp-content\/uploads\/2023\/07\/TECHNIK-AKRILIK-BANTLAR-TR1.jpg 774w, https:\/\/boston-chemicals.com\/wp-content\/uploads\/2023\/07\/TECHNIK-AKRILIK-BANTLAR-TR1-300x124.jpg 300w, https:\/\/boston-chemicals.com\/wp-content\/uploads\/2023\/07\/TECHNIK-AKRILIK-BANTLAR-TR1-768x317.jpg 768w\" sizes=\"auto, (max-width: 750px) 100vw, 750px\" style=\"width:100%;height:41.21%;max-width:774px\" \/>\t\t\t\t\t\t\t\t\t\t\t\t\t\t\t<\/div>\n\t\t\t\t<\/div>\n\t\t\t\t\t<\/div>\n\t\t<\/div>\n\t\t\t\t\t\t\t<\/div>\n\t\t<\/section>\n\t\t\t\t\t<\/div>\n\t\t<\/div>\n\t\t\t\t\t\t\t<\/div>\n\t\t<\/section>\n\t\t\t\t<section data-particle_enable=\"false\" data-particle-mobile-disabled=\"false\" class=\"elementor-section elementor-top-section elementor-element elementor-element-cacad9d elementor-section-boxed elementor-section-height-default elementor-section-height-default\" data-id=\"cacad9d\" data-element_type=\"section\">\n\t\t\t\t\t\t<div class=\"elementor-container elementor-column-gap-default\">\n\t\t\t\t\t<div class=\"elementor-column elementor-col-100 elementor-top-column elementor-element elementor-element-73ec12c\" data-id=\"73ec12c\" data-element_type=\"column\">\n\t\t\t<div class=\"elementor-widget-wrap elementor-element-populated\">\n\t\t\t\t\t\t\t\t<div class=\"elementor-element elementor-element-3fe7470 elementor-widget-divider--view-line elementor-widget elementor-widget-divider\" data-id=\"3fe7470\" data-element_type=\"widget\" data-widget_type=\"divider.default\">\n\t\t\t\t<div class=\"elementor-widget-container\">\n\t\t\t\t\t<div class=\"elementor-divider\">\n\t\t\t<span class=\"elementor-divider-separator\">\n\t\t\t\t\t\t<\/span>\n\t\t<\/div>\n\t\t\t\t<\/div>\n\t\t\t\t<\/div>\n\t\t\t\t<div class=\"elementor-element elementor-element-3d2d28e elementor-widget elementor-widget-heading\" data-id=\"3d2d28e\" data-element_type=\"widget\" data-widget_type=\"heading.default\">\n\t\t\t\t<div class=\"elementor-widget-container\">\n\t\t\t<h2 class=\"elementor-heading-title elementor-size-default\">TECHNIK AC-600 Waterstop Joint Tape<\/h2>\t\t<\/div>\n\t\t\t\t<\/div>\n\t\t\t\t<section data-particle_enable=\"false\" data-particle-mobile-disabled=\"false\" class=\"elementor-section elementor-inner-section elementor-element elementor-element-a3bca14 elementor-reverse-mobile elementor-section-boxed elementor-section-height-default elementor-section-height-default\" data-id=\"a3bca14\" data-element_type=\"section\">\n\t\t\t\t\t\t<div class=\"elementor-container elementor-column-gap-default\">\n\t\t\t\t\t<div class=\"elementor-column elementor-col-50 elementor-inner-column elementor-element elementor-element-030c674\" data-id=\"030c674\" data-element_type=\"column\">\n\t\t\t<div class=\"elementor-widget-wrap elementor-element-populated\">\n\t\t\t\t\t\t\t\t<div class=\"elementor-element elementor-element-0b062e4 elementor-widget elementor-widget-image\" data-id=\"0b062e4\" data-element_type=\"widget\" data-widget_type=\"image.default\">\n\t\t\t\t<div class=\"elementor-widget-container\">\n\t\t\t\t\t\t\t\t\t\t\t\t\t\t\t<img loading=\"lazy\" decoding=\"async\" width=\"750\" height=\"295\" src=\"https:\/\/boston-chemicals.com\/wp-content\/uploads\/2023\/07\/TECHNIK-AKRILIK-BANTLAR-TR2.jpg\" class=\"attachment-large size-large wp-image-188\" alt=\"\" srcset=\"https:\/\/boston-chemicals.com\/wp-content\/uploads\/2023\/07\/TECHNIK-AKRILIK-BANTLAR-TR2.jpg 774w, https:\/\/boston-chemicals.com\/wp-content\/uploads\/2023\/07\/TECHNIK-AKRILIK-BANTLAR-TR2-300x118.jpg 300w, https:\/\/boston-chemicals.com\/wp-content\/uploads\/2023\/07\/TECHNIK-AKRILIK-BANTLAR-TR2-768x302.jpg 768w\" sizes=\"auto, (max-width: 750px) 100vw, 750px\" style=\"width:100%;height:39.28%;max-width:774px\" \/>\t\t\t\t\t\t\t\t\t\t\t\t\t\t\t<\/div>\n\t\t\t\t<\/div>\n\t\t\t\t\t<\/div>\n\t\t<\/div>\n\t\t\t\t<div class=\"elementor-column elementor-col-50 elementor-inner-column elementor-element elementor-element-8ecfb62\" data-id=\"8ecfb62\" data-element_type=\"column\">\n\t\t\t<div class=\"elementor-widget-wrap elementor-element-populated\">\n\t\t\t\t\t\t\t\t<div class=\"elementor-element elementor-element-2ca3b60 elementor-widget elementor-widget-text-editor\" data-id=\"2ca3b60\" data-element_type=\"widget\" data-widget_type=\"text-editor.default\">\n\t\t\t\t<div class=\"elementor-widget-container\">\n\t\t\t\t\t\t\t<p><b>TECHNICIAL SPECIFICATIONS<\/b><br \/>*Calculated based on a temperature of 20\u00b0C and 50% relative humidity.<br \/>*Expansion rate after 7 days: 500% (DIN 73521)<br \/>*Expansion rate after 14 days: 600% (DIN 73521) *Wet dry expansion rate: 500% (DIN73521)<br \/>*Su bas\u0131n\u00e7 dayan\u0131m\u0131: 7 bar @ 70m<br \/>*Color: Yellow | Density: 1.275 g\/cm3 | Hardness: 40 *Application temperature: -20\u00b0C \/ 50\u00b0C<br \/>*Test water hardness (CaCO3): 200ppm<br \/>*Hardness and salt content of water affect swelling.<br \/>*Does not contain bentonite.<\/p>\t\t\t\t\t\t<\/div>\n\t\t\t\t<\/div>\n\t\t\t\t\t<\/div>\n\t\t<\/div>\n\t\t\t\t\t\t\t<\/div>\n\t\t<\/section>\n\t\t\t\t\t<\/div>\n\t\t<\/div>\n\t\t\t\t\t\t\t<\/div>\n\t\t<\/section>\n\t\t\t\t<section data-particle_enable=\"false\" data-particle-mobile-disabled=\"false\" class=\"elementor-section elementor-top-section elementor-element elementor-element-dea7a12 elementor-section-boxed elementor-section-height-default elementor-section-height-default\" data-id=\"dea7a12\" data-element_type=\"section\">\n\t\t\t\t\t\t<div class=\"elementor-container elementor-column-gap-default\">\n\t\t\t\t\t<div class=\"elementor-column elementor-col-100 elementor-top-column elementor-element elementor-element-cac5112\" data-id=\"cac5112\" data-element_type=\"column\">\n\t\t\t<div class=\"elementor-widget-wrap elementor-element-populated\">\n\t\t\t\t\t\t\t\t<div class=\"elementor-element elementor-element-4cbbbeb elementor-widget-divider--view-line elementor-widget elementor-widget-divider\" data-id=\"4cbbbeb\" data-element_type=\"widget\" data-widget_type=\"divider.default\">\n\t\t\t\t<div class=\"elementor-widget-container\">\n\t\t\t\t\t<div class=\"elementor-divider\">\n\t\t\t<span class=\"elementor-divider-separator\">\n\t\t\t\t\t\t<\/span>\n\t\t<\/div>\n\t\t\t\t<\/div>\n\t\t\t\t<\/div>\n\t\t\t\t<div class=\"elementor-element elementor-element-63ee39c elementor-widget elementor-widget-heading\" data-id=\"63ee39c\" data-element_type=\"widget\" data-widget_type=\"heading.default\">\n\t\t\t\t<div class=\"elementor-widget-container\">\n\t\t\t<h2 class=\"elementor-heading-title elementor-size-default\">TECHNIK AC-900 Waterstop Joint Tape<\/h2>\t\t<\/div>\n\t\t\t\t<\/div>\n\t\t\t\t<section data-particle_enable=\"false\" data-particle-mobile-disabled=\"false\" class=\"elementor-section elementor-inner-section elementor-element elementor-element-2249341 elementor-section-boxed elementor-section-height-default elementor-section-height-default\" data-id=\"2249341\" data-element_type=\"section\">\n\t\t\t\t\t\t<div class=\"elementor-container elementor-column-gap-default\">\n\t\t\t\t\t<div class=\"elementor-column elementor-col-50 elementor-inner-column elementor-element elementor-element-118d38a\" data-id=\"118d38a\" data-element_type=\"column\">\n\t\t\t<div class=\"elementor-widget-wrap elementor-element-populated\">\n\t\t\t\t\t\t\t\t<div class=\"elementor-element elementor-element-2b3bd43 elementor-widget elementor-widget-text-editor\" data-id=\"2b3bd43\" data-element_type=\"widget\" data-widget_type=\"text-editor.default\">\n\t\t\t\t<div class=\"elementor-widget-container\">\n\t\t\t\t\t\t\t<p><b>TECHNICIAL SPECIFICATIONS<\/b><br \/>*Calculated based on a temperature of 20\u00b0C and 50% relative humidity.<br \/>*Expansion rate after 7 days: 800% (DIN 73521)<br \/>*Expansion rate after 14 days: 900% (DIN 73521) *Wet dry expansion rate: 800% (DIN73521)<br \/>*Su bas\u0131n\u00e7 dayan\u0131m\u0131: 7 bar @ 70m<br \/>*Color: Blue | Density: 1.275 g\/cm3 | Hardness: 40 *Application temperature: -20\u00b0C \/ 50\u00b0C<br \/>*Test water hardness (CaCO3): 200ppm<br \/>*Hardness and salt content of water affect swelling.<br \/>*Does not contain bentonite.<\/p>\t\t\t\t\t\t<\/div>\n\t\t\t\t<\/div>\n\t\t\t\t\t<\/div>\n\t\t<\/div>\n\t\t\t\t<div class=\"elementor-column elementor-col-50 elementor-inner-column elementor-element elementor-element-f9c9ef8\" data-id=\"f9c9ef8\" data-element_type=\"column\">\n\t\t\t<div class=\"elementor-widget-wrap elementor-element-populated\">\n\t\t\t\t\t\t\t\t<div class=\"elementor-element elementor-element-cc6b0c3 elementor-widget elementor-widget-image\" data-id=\"cc6b0c3\" data-element_type=\"widget\" data-widget_type=\"image.default\">\n\t\t\t\t<div class=\"elementor-widget-container\">\n\t\t\t\t\t\t\t\t\t\t\t\t\t\t\t<img loading=\"lazy\" decoding=\"async\" width=\"750\" height=\"320\" src=\"https:\/\/boston-chemicals.com\/wp-content\/uploads\/2023\/07\/TECHNIK-AKRILIK-BANTLAR-TR3.jpg\" class=\"attachment-large size-large wp-image-189\" alt=\"\" srcset=\"https:\/\/boston-chemicals.com\/wp-content\/uploads\/2023\/07\/TECHNIK-AKRILIK-BANTLAR-TR3.jpg 774w, https:\/\/boston-chemicals.com\/wp-content\/uploads\/2023\/07\/TECHNIK-AKRILIK-BANTLAR-TR3-300x128.jpg 300w, https:\/\/boston-chemicals.com\/wp-content\/uploads\/2023\/07\/TECHNIK-AKRILIK-BANTLAR-TR3-768x327.jpg 768w\" sizes=\"auto, (max-width: 750px) 100vw, 750px\" style=\"width:100%;height:42.64%;max-width:774px\" \/>\t\t\t\t\t\t\t\t\t\t\t\t\t\t\t<\/div>\n\t\t\t\t<\/div>\n\t\t\t\t\t<\/div>\n\t\t<\/div>\n\t\t\t\t\t\t\t<\/div>\n\t\t<\/section>\n\t\t\t\t\t<\/div>\n\t\t<\/div>\n\t\t\t\t\t\t\t<\/div>\n\t\t<\/section>\n\t\t\t\t\t\t\t<\/div>","protected":false},"excerpt":{"rendered":"<p>TDS \u00d6ZELL\u0130KLERTECHNIK-AC, akrilik ve hidrofilik polimer esasl\u0131 su ile temas etti\u011finde genle\u015fen, deformasyona dayan\u0131kl\u0131 su tutucu derz band\u0131d\u0131r. Elastikiyeti sayesinde su ile temas\u0131nda %900\u2019e kadar genle\u015fir, kuru ortamda da eski haline geri d\u00f6ner. Tuz, kire\u00e7 ve kirli i\u00e7erikli sulara, \u00e7e\u015fitli kimyasallara, ya\u011flara kar\u015f\u0131 diren\u00e7lidir. Hacim de\u011fi\u015fikli\u011fi molek\u00fcl yap\u0131s\u0131n\u0131 bozmaz, ideal h\u0131zla \u015fi\u015ferek taze betona zarar&hellip; <a class=\"more-link\" href=\"https:\/\/boston-chemicals.com\/en_us\/akrilik-bantlar\/\">Continue reading <span class=\"screen-reader-text\">Acrylic Tapes<\/span><\/a><\/p>","protected":false},"author":1,"featured_media":0,"parent":0,"menu_order":0,"comment_status":"closed","ping_status":"closed","template":"","meta":{"footnotes":""},"class_list":["post-94","page","type-page","status-publish","hentry","entry"],"_links":{"self":[{"href":"https:\/\/boston-chemicals.com\/en_us\/wp-json\/wp\/v2\/pages\/94","targetHints":{"allow":["GET"]}}],"collection":[{"href":"https:\/\/boston-chemicals.com\/en_us\/wp-json\/wp\/v2\/pages"}],"about":[{"href":"https:\/\/boston-chemicals.com\/en_us\/wp-json\/wp\/v2\/types\/page"}],"author":[{"embeddable":true,"href":"https:\/\/boston-chemicals.com\/en_us\/wp-json\/wp\/v2\/users\/1"}],"replies":[{"embeddable":true,"href":"https:\/\/boston-chemicals.com\/en_us\/wp-json\/wp\/v2\/comments?post=94"}],"version-history":[{"count":17,"href":"https:\/\/boston-chemicals.com\/en_us\/wp-json\/wp\/v2\/pages\/94\/revisions"}],"predecessor-version":[{"id":313,"href":"https:\/\/boston-chemicals.com\/en_us\/wp-json\/wp\/v2\/pages\/94\/revisions\/313"}],"wp:attachment":[{"href":"https:\/\/boston-chemicals.com\/en_us\/wp-json\/wp\/v2\/media?parent=94"}],"curies":[{"name":"wp","href":"https:\/\/api.w.org\/{rel}","templated":true}]}}