{"id":96,"date":"2023-07-17T10:34:55","date_gmt":"2023-07-17T10:34:55","guid":{"rendered":"https:\/\/boston-chemicals.com\/?page_id=96"},"modified":"2023-07-19T12:06:39","modified_gmt":"2023-07-19T12:06:39","slug":"kor-kasa-bandi","status":"publish","type":"page","link":"https:\/\/boston-chemicals.com\/en_us\/kor-kasa-bandi\/","title":{"rendered":"Blind Case Tape"},"content":{"rendered":"<div data-elementor-type=\"wp-page\" data-elementor-id=\"96\" class=\"elementor elementor-96\">\n\t\t\t\t\t\t\t\t\t<section data-particle_enable=\"false\" data-particle-mobile-disabled=\"false\" class=\"elementor-section elementor-top-section elementor-element elementor-element-2b7018c elementor-section-boxed elementor-section-height-default elementor-section-height-default\" data-id=\"2b7018c\" data-element_type=\"section\" data-e-bg-lazyload=\".elementor-background-overlay\">\n\t\t\t\t\t\t\t<div class=\"elementor-background-overlay\"><\/div>\n\t\t\t\t\t\t\t<div class=\"elementor-container elementor-column-gap-default\">\n\t\t\t\t\t<div class=\"elementor-column elementor-col-100 elementor-top-column elementor-element elementor-element-16ff9cb\" data-id=\"16ff9cb\" data-element_type=\"column\">\n\t\t\t<div class=\"elementor-widget-wrap elementor-element-populated\">\n\t\t\t\t\t\t\t\t<section data-particle_enable=\"false\" data-particle-mobile-disabled=\"false\" class=\"elementor-section elementor-inner-section elementor-element elementor-element-c6845b7 elementor-section-boxed elementor-section-height-default elementor-section-height-default\" data-id=\"c6845b7\" data-element_type=\"section\">\n\t\t\t\t\t\t<div class=\"elementor-container elementor-column-gap-default\">\n\t\t\t\t\t<div class=\"elementor-column elementor-col-50 elementor-inner-column elementor-element elementor-element-bf86d58\" data-id=\"bf86d58\" data-element_type=\"column\">\n\t\t\t<div class=\"elementor-widget-wrap elementor-element-populated\">\n\t\t\t\t\t\t\t\t<div class=\"elementor-element elementor-element-cbb1e17 elementor-align-justify elementor-widget elementor-widget-button\" data-id=\"cbb1e17\" data-element_type=\"widget\" data-widget_type=\"button.default\">\n\t\t\t\t<div class=\"elementor-widget-container\">\n\t\t\t\t\t<div class=\"elementor-button-wrapper\">\n\t\t\t<a href=\"https:\/\/boston-chemicals.com\/en_us\/data\/technik tech-600-kor-kasa-bandi-pe-en.pdf\/\" class=\"elementor-button-link elementor-button elementor-size-sm\" role=\"button\">\n\t\t\t\t\t\t<span class=\"elementor-button-content-wrapper\">\n\t\t\t\t\t\t\t<span class=\"elementor-button-icon elementor-align-icon-left\">\n\t\t\t\t<svg aria-hidden=\"true\" class=\"e-font-icon-svg e-fab-readme\" viewbox=\"0 0 576 512\" xmlns=\"http:\/\/www.w3.org\/2000\/svg\"><path d=\"M528.3 46.5H388.5c-48.1 0-89.9 33.3-100.4 80.3-10.6-47-52.3-80.3-100.4-80.3H48c-26.5 0-48 21.5-48 48v245.8c0 26.5 21.5 48 48 48h89.7c102.2 0 132.7 24.4 147.3 75 .7 2.8 5.2 2.8 6 0 14.7-50.6 45.2-75 147.3-75H528c26.5 0 48-21.5 48-48V94.6c0-26.4-21.3-47.9-47.7-48.1zM242 311.9c0 1.9-1.5 3.5-3.5 3.5H78.2c-1.9 0-3.5-1.5-3.5-3.5V289c0-1.9 1.5-3.5 3.5-3.5h160.4c1.9 0 3.5 1.5 3.5 3.5v22.9zm0-60.9c0 1.9-1.5 3.5-3.5 3.5H78.2c-1.9 0-3.5-1.5-3.5-3.5v-22.9c0-1.9 1.5-3.5 3.5-3.5h160.4c1.9 0 3.5 1.5 3.5 3.5V251zm0-60.9c0 1.9-1.5 3.5-3.5 3.5H78.2c-1.9 0-3.5-1.5-3.5-3.5v-22.9c0-1.9 1.5-3.5 3.5-3.5h160.4c1.9 0 3.5 1.5 3.5 3.5v22.9zm259.3 121.7c0 1.9-1.5 3.5-3.5 3.5H337.5c-1.9 0-3.5-1.5-3.5-3.5v-22.9c0-1.9 1.5-3.5 3.5-3.5h160.4c1.9 0 3.5 1.5 3.5 3.5v22.9zm0-60.9c0 1.9-1.5 3.5-3.5 3.5H337.5c-1.9 0-3.5-1.5-3.5-3.5V228c0-1.9 1.5-3.5 3.5-3.5h160.4c1.9 0 3.5 1.5 3.5 3.5v22.9zm0-60.9c0 1.9-1.5 3.5-3.5 3.5H337.5c-1.9 0-3.5-1.5-3.5-3.5v-22.8c0-1.9 1.5-3.5 3.5-3.5h160.4c1.9 0 3.5 1.5 3.5 3.5V190z\"><\/path><\/svg>\t\t\t<\/span>\n\t\t\t\t\t\t<span class=\"elementor-button-text\">TDS<\/span>\n\t\t<\/span>\n\t\t\t\t\t<\/a>\n\t\t<\/div>\n\t\t\t\t<\/div>\n\t\t\t\t<\/div>\n\t\t\t\t\t<\/div>\n\t\t<\/div>\n\t\t\t\t<div class=\"elementor-column elementor-col-50 elementor-inner-column elementor-element elementor-element-9037a44\" data-id=\"9037a44\" data-element_type=\"column\">\n\t\t\t<div class=\"elementor-widget-wrap elementor-element-populated\">\n\t\t\t\t\t\t\t\t<div class=\"elementor-element elementor-element-1d1e264 elementor-widget elementor-widget-heading\" data-id=\"1d1e264\" data-element_type=\"widget\" data-widget_type=\"heading.default\">\n\t\t\t\t<div class=\"elementor-widget-container\">\n\t\t\t<style>\/*! elementor - v3.9.1 - 14-12-2022 *\/\n.elementor-heading-title{padding:0;margin:0;line-height:1}.elementor-widget-heading .elementor-heading-title[class*=elementor-size-]>a{color:inherit;font-size:inherit;line-height:inherit}.elementor-widget-heading .elementor-heading-title.elementor-size-small{font-size:15px}.elementor-widget-heading .elementor-heading-title.elementor-size-medium{font-size:19px}.elementor-widget-heading .elementor-heading-title.elementor-size-large{font-size:29px}.elementor-widget-heading .elementor-heading-title.elementor-size-xl{font-size:39px}.elementor-widget-heading .elementor-heading-title.elementor-size-xxl{font-size:59px}<\/style><h2 class=\"elementor-heading-title elementor-size-default\">TECH-600 BLIND CASE TAPE - PE FOAM TAPE<\/h2>\t\t<\/div>\n\t\t\t\t<\/div>\n\t\t\t\t\t<\/div>\n\t\t<\/div>\n\t\t\t\t\t\t\t<\/div>\n\t\t<\/section>\n\t\t\t\t<section data-particle_enable=\"false\" data-particle-mobile-disabled=\"false\" class=\"elementor-section elementor-inner-section elementor-element elementor-element-c4d07b9 elementor-section-boxed elementor-section-height-default elementor-section-height-default\" data-id=\"c4d07b9\" data-element_type=\"section\">\n\t\t\t\t\t\t<div class=\"elementor-container elementor-column-gap-default\">\n\t\t\t\t\t<div class=\"elementor-column elementor-col-50 elementor-inner-column elementor-element elementor-element-fefec44\" data-id=\"fefec44\" data-element_type=\"column\">\n\t\t\t<div class=\"elementor-widget-wrap elementor-element-populated\">\n\t\t\t\t\t\t\t\t<div class=\"elementor-element elementor-element-f517f59 elementor-widget elementor-widget-text-editor\" data-id=\"f517f59\" data-element_type=\"widget\" data-widget_type=\"text-editor.default\">\n\t\t\t\t<div class=\"elementor-widget-container\">\n\t\t\t<style>\/*! elementor - v3.9.1 - 14-12-2022 *\/\n.elementor-widget-text-editor.elementor-drop-cap-view-stacked .elementor-drop-cap{background-color:#818a91;color:#fff}.elementor-widget-text-editor.elementor-drop-cap-view-framed .elementor-drop-cap{color:#818a91;border:3px solid;background-color:transparent}.elementor-widget-text-editor:not(.elementor-drop-cap-view-default) .elementor-drop-cap{margin-top:8px}.elementor-widget-text-editor:not(.elementor-drop-cap-view-default) .elementor-drop-cap-letter{width:1em;height:1em}.elementor-widget-text-editor .elementor-drop-cap{float:left;text-align:center;line-height:1;font-size:50px}.elementor-widget-text-editor .elementor-drop-cap-letter{display:inline-block}<\/style>\t\t\t\t<p><strong>PRODUCT DESCRIPTION<\/strong><br \/>It is high quality PE foam tape. It is a single\/double-sided adhesive sealing tape suitable for multi-purpose use, preventing the formation of sound and heat bridges and used to reduce dust and vibration.<\/p><p>\u00a0<\/p><p><strong>USAGE AREAS<\/strong><br \/>*In the construction industry: In blind cases<br \/>*Door, Window and Facade installation works<br \/>*In the manufacturing sector<br \/>*In the automotive industry<br \/>*In the white goods industry<\/p><p>\u00a0<\/p><p><strong>FEATURES<\/strong><br \/>* Provides water, air and dust sealing<br \/>*Suitable for anti-slip installation works<br \/>*Adheres perfectly to different surfaces<br \/>*Flexible\/Odorless<br \/>*Anti-static and anti-microbial.<br \/>*Can be produced in rolls or sheets (upon request)<\/p>\t\t\t\t\t\t<\/div>\n\t\t\t\t<\/div>\n\t\t\t\t\t<\/div>\n\t\t<\/div>\n\t\t\t\t<div class=\"elementor-column elementor-col-50 elementor-inner-column elementor-element elementor-element-77b72ef\" data-id=\"77b72ef\" data-element_type=\"column\">\n\t\t\t<div class=\"elementor-widget-wrap elementor-element-populated\">\n\t\t\t\t\t\t\t\t<div class=\"elementor-element elementor-element-d6a3b8a elementor-widget elementor-widget-text-editor\" data-id=\"d6a3b8a\" data-element_type=\"widget\" data-widget_type=\"text-editor.default\">\n\t\t\t\t<div class=\"elementor-widget-container\">\n\t\t\t\t\t\t\t<table>\n<tbody>\n<tr>\n<td colspan=\"2\"><strong><center>TECHNICIAL SPECIFICATIONS<\/center><\/strong><\/td>\n<\/tr>\n<tr>\n<td>Genus<\/td>\n<td>Polyethylene<\/td>\n<\/tr>\n<tr>\n<td>Tickness<\/td>\n<td>3mm<\/td>\n<\/tr>\n<tr>\n<td>Intensity<\/td>\n<td>30 kg\/m3<\/td>\n<\/tr>\n<tr>\n<td>Application temperature<\/td>\n<td>+10 \/ +40 c0<\/td>\n<\/tr>\n<tr>\n<td>Process temperature<\/td>\n<td>-30 \/ +70 c0<\/td>\n<\/tr>\n<\/tbody>\n<\/table>\t\t\t\t\t\t<\/div>\n\t\t\t\t<\/div>\n\t\t\t\t\t<\/div>\n\t\t<\/div>\n\t\t\t\t\t\t\t<\/div>\n\t\t<\/section>\n\t\t\t\t\t<\/div>\n\t\t<\/div>\n\t\t\t\t\t\t\t<\/div>\n\t\t<\/section>\n\t\t\t\t\t\t\t<\/div>","protected":false},"excerpt":{"rendered":"<p>TDS TECH-600 K\u00d6R KASA BANTI &#8211; PE K\u00d6P\u00dcK BANT \u00dcR\u00dcN TANIMIY\u00fcksek kaliteli PE k\u00f6p\u00fck bantt\u0131r. \u00c7ok ama\u00e7l\u0131 kullan\u0131ma uygun, Ses ve Is\u0131 k\u00f6pr\u00fcs\u00fc olu\u015fumunu \u00f6nleyen, tozu ve titre\u015fimi azaltmak amac\u0131yla kullan\u0131lan, tek\/\u00e7ift taraf\u0131 yap\u0131\u015fkanl\u0131 s\u0131zd\u0131rmazl\u0131k bant\u0131d\u0131r. \u00a0 KULLANIM ALANLARI*Yap\u0131 end\u00fcstrisinde:K\u00f6r kasalarda*Kap\u0131,Pencere ve Cephe montaj i\u015flerinde*\u0130malat sekt\u00f6r\u00fcnde*Otomotiv sekt\u00f6r\u00fcnde*Beyaz e\u015fya sekt\u00f6r\u00fcnde \u00a0 \u00d6ZELL\u0130KLER*Su,Hava ve Toz s\u0131zd\u0131rmazl\u0131\u011f\u0131 sa\u011flar*Kayma&hellip; <a class=\"more-link\" href=\"https:\/\/boston-chemicals.com\/en_us\/kor-kasa-bandi\/\">Continue reading <span class=\"screen-reader-text\">Blind Case Tape<\/span><\/a><\/p>","protected":false},"author":1,"featured_media":0,"parent":0,"menu_order":0,"comment_status":"closed","ping_status":"closed","template":"","meta":{"footnotes":""},"class_list":["post-96","page","type-page","status-publish","hentry","entry"],"_links":{"self":[{"href":"https:\/\/boston-chemicals.com\/en_us\/wp-json\/wp\/v2\/pages\/96","targetHints":{"allow":["GET"]}}],"collection":[{"href":"https:\/\/boston-chemicals.com\/en_us\/wp-json\/wp\/v2\/pages"}],"about":[{"href":"https:\/\/boston-chemicals.com\/en_us\/wp-json\/wp\/v2\/types\/page"}],"author":[{"embeddable":true,"href":"https:\/\/boston-chemicals.com\/en_us\/wp-json\/wp\/v2\/users\/1"}],"replies":[{"embeddable":true,"href":"https:\/\/boston-chemicals.com\/en_us\/wp-json\/wp\/v2\/comments?post=96"}],"version-history":[{"count":13,"href":"https:\/\/boston-chemicals.com\/en_us\/wp-json\/wp\/v2\/pages\/96\/revisions"}],"predecessor-version":[{"id":322,"href":"https:\/\/boston-chemicals.com\/en_us\/wp-json\/wp\/v2\/pages\/96\/revisions\/322"}],"wp:attachment":[{"href":"https:\/\/boston-chemicals.com\/en_us\/wp-json\/wp\/v2\/media?parent=96"}],"curies":[{"name":"wp","href":"https:\/\/api.w.org\/{rel}","templated":true}]}}